{"id":7384,"date":"2017-03-02T12:41:28","date_gmt":"2017-03-02T11:41:28","guid":{"rendered":"https:\/\/www.alupoint.it\/fr\/serramenti\/"},"modified":"2017-04-28T10:39:30","modified_gmt":"2017-04-28T08:39:30","slug":"menuiseries","status":"publish","type":"page","link":"https:\/\/www.alupoint.it\/fr\/menuiseries\/","title":{"rendered":"Menuiseries"},"content":{"rendered":"<p>[vc_row][vc_column][vc_custom_heading text=&#8221;Menuiseries en aluminium&#8221; font_container=&#8221;tag:h1|text_align:left&#8221; use_theme_fonts=&#8221;yes&#8221;][vc_column_text]Tout part du projet du client, sur lequel nous faisons un travail rigoureux d&#8217;analyse afin de trouver les solutions et les mat\u00e9riaux qui r\u00e9pondent \u00e0 ses exigences.<\/p>\n<p>Nous pr\u00eatons le maximum de l&#8217;attention dans le d\u00e9veloppement de nos produits, du choix des mat\u00e9riaux aux \u00e9quipements utilis\u00e9s. Le but est d&#8217;unir le design et la qualit\u00e9 pour r\u00e9aliser un produit durable dans le temps.<\/p>\n<p>Le choix des ch\u00e2ssis affecte sensiblement la qualit\u00e9 globale de la maison et le bien-\u00eatre des personnes qu&#8217;y habitent.<\/p>\n<p>Nos menuiseries en aluminium sont produits avec la technique de la coupure thermique, qui veut dire ins\u00e9rer \u00e0 l&#8217;int\u00e9rieur de la structure des lames peu thermoconductrices, qui interrompent la circulation de la chaleur produite par le m\u00e9tal et garantissent une isolation thermique stable.[\/vc_column_text][\/vc_column][\/vc_row][vc_row full_width=&#8221;stretch_row&#8221; css=&#8221;.vc_custom_1488461103220{background-color: #cccccc !important;}&#8221;][vc_column][vc_row_inner][vc_column_inner width=&#8221;1\/3&#8243;][vc_single_image image=&#8221;6743&#8243; img_size=&#8221;full&#8221;][\/vc_column_inner][vc_column_inner el_class=&#8221;areatext&#8221; width=&#8221;2\/3&#8243; css=&#8221;.vc_custom_1490364561096{background-color: #ffffff !important;}&#8221;][vc_custom_heading text=&#8221;Fen\u00eatres en aluminium&#8221; font_container=&#8221;tag:h2|font_size:20|text_align:left|color:%23be1e2d&#8221; use_theme_fonts=&#8221;yes&#8221;][vc_column_text css=&#8221;.vc_custom_1493208456299{margin-bottom: 20px !important;}&#8221;]Notre gamme de ch\u00e2ssis de diff\u00e9rentes combinaisons de mat\u00e9riaux, avec une grande s\u00e9lection de formes, surfaces, couleurs et compl\u00e9ments, nous permet de satisfaire tout type de requ\u00eate fonctionnelle et esth\u00e9tique.<\/p>\n<p>Soit qu&#8217;il s&#8217;agit d&#8217;un nouveau b\u00e2timent, d&#8217;une maison \u00e0 restructurer ou simplement de remplacer une seule fen\u00eatre.[\/vc_column_text][vc_btn title=&#8221;Approfondir&#8221; style=&#8221;outline-custom&#8221; outline_custom_color=&#8221;#be1e2d&#8221; outline_custom_hover_background=&#8221;#be1e2d&#8221; outline_custom_hover_text=&#8221;#ffffff&#8221; i_align=&#8221;right&#8221; i_type=&#8221;linecons&#8221; i_icon_linecons=&#8221;vc_li vc_li-paperplane&#8221; add_icon=&#8221;true&#8221; link=&#8221;url:%2Ffr%2Fmenuiseries%2Ffenetres-en-aluminium%2F|||&#8221;][\/vc_column_inner][\/vc_row_inner][vc_row_inner][vc_column_inner width=&#8221;1\/3&#8243;][vc_single_image image=&#8221;6739&#8243; img_size=&#8221;full&#8221;][\/vc_column_inner][vc_column_inner el_class=&#8221;areatext&#8221; width=&#8221;2\/3&#8243; css=&#8221;.vc_custom_1490364569099{background-color: #ffffff !important;}&#8221;][vc_custom_heading text=&#8221;Portes en aluminium&#8221; font_container=&#8221;tag:h2|font_size:20|text_align:left|color:%23be1e2d&#8221; use_theme_fonts=&#8221;yes&#8221;][vc_column_text css=&#8221;.vc_custom_1493208585831{margin-bottom: 20px !important;}&#8221;]Les lignes de nos portes peuvent s&#8217;harmoniser avec le style de chaque construction, en s&#8217;int\u00e9grant avec l&#8217;ensemble de la fa\u00e7ades et de l&#8217;int\u00e9rieur.[\/vc_column_text][vc_btn title=&#8221;Approfondir&#8221; style=&#8221;outline-custom&#8221; outline_custom_color=&#8221;#be1e2d&#8221; outline_custom_hover_background=&#8221;#be1e2d&#8221; outline_custom_hover_text=&#8221;#ffffff&#8221; i_align=&#8221;right&#8221; i_type=&#8221;linecons&#8221; i_icon_linecons=&#8221;vc_li vc_li-paperplane&#8221; add_icon=&#8221;true&#8221; link=&#8221;url:%2Ffr%2Fmenuiseries%2Fportes-en-aluminium%2F|||&#8221;][\/vc_column_inner][\/vc_row_inner][vc_row_inner][vc_column_inner width=&#8221;1\/3&#8243;][vc_single_image image=&#8221;6742&#8243; img_size=&#8221;full&#8221;][\/vc_column_inner][vc_column_inner el_class=&#8221;areatext&#8221; width=&#8221;2\/3&#8243; css=&#8221;.vc_custom_1490364572532{background-color: #ffffff !important;}&#8221;][vc_custom_heading text=&#8221;Portes coulissantes en aluminium&#8221; font_container=&#8221;tag:h2|font_size:20|text_align:left|color:%23be1e2d&#8221; use_theme_fonts=&#8221;yes&#8221;][vc_column_text css=&#8221;.vc_custom_1493208663111{margin-bottom: 20px !important;}&#8221;]Les grandes surfaces qui ouvrent vers les environnements \u00e0 l&#8217;ext\u00e9rieur. Portes coulissantes et fen\u00eatres vitr\u00e9es Alupoint: une vaste gamme de solutions pour le maximum de la transparence, avec des surfaces vitr\u00e9es \u00e9tendues et grandes ouvertures coulissantes.<\/p>\n<p>Les lignes \u00e9lanc\u00e9es des profiles contribuent \u00e0 cr\u00e9er un aspect global tr\u00e8s \u00e9l\u00e9gant. Vos environnements, inond\u00e9s de lumi\u00e8re naturelle, deviennent des espaces de bien-\u00eatre.<br \/>\n[\/vc_column_text][vc_btn title=&#8221;Approfondir&#8221; style=&#8221;outline-custom&#8221; outline_custom_color=&#8221;#be1e2d&#8221; outline_custom_hover_background=&#8221;#be1e2d&#8221; outline_custom_hover_text=&#8221;#ffffff&#8221; i_align=&#8221;right&#8221; i_type=&#8221;linecons&#8221; i_icon_linecons=&#8221;vc_li vc_li-paperplane&#8221; add_icon=&#8221;true&#8221; link=&#8221;url:%2Ffr%2Fmenuiseries%2Fportes-coulissantes-en-aluminium%2F|||&#8221;][\/vc_column_inner][\/vc_row_inner][vc_row_inner][vc_column_inner width=&#8221;1\/3&#8243;][vc_single_image image=&#8221;6745&#8243; img_size=&#8221;full&#8221;][\/vc_column_inner][vc_column_inner el_class=&#8221;areatext&#8221; width=&#8221;2\/3&#8243; css=&#8221;.vc_custom_1490364576466{background-color: #ffffff !important;}&#8221;][vc_custom_heading text=&#8221;Fa\u00e7ades continues en aluminium&#8221; font_container=&#8221;tag:h2|font_size:20|text_align:left|color:%23be1e2d&#8221; use_theme_fonts=&#8221;yes&#8221;][vc_column_text css=&#8221;.vc_custom_1493208691141{margin-bottom: 20px !important;}&#8221;]Les fa\u00e7ades continues rev\u00eatent aujourd&#8217;hui les b\u00e2timents les plus importants, de services et du secteur tertiaire, car ils sont le moyen le plus prestigieux pour affirmer notre propre image.<\/p>\n<p>Cela lib\u00e8re la cr\u00e9ativit\u00e9 des designers, en stimulant le d\u00e9veloppement de conceptions innovantes d&#8217;espace et de lumi\u00e8re.<\/p>\n<p>Les fa\u00e7ades continues ne sont pas seulement esth\u00e9tiques, mais elle pr\u00e9voient aussi l&#8217;utilisation de technologie tr\u00e8s innovante pour la r\u00e9alisation de formes g\u00e9om\u00e9triques. L&#8217;emploi id\u00e9al est la r\u00e9alisation de grandes fen\u00eatres vitr\u00e9es et est indiqu\u00e9 aussi pour la construction de couvertures transparentes et lucarnes.<br \/>\n[\/vc_column_text][vc_btn title=&#8221;Approfondir&#8221; style=&#8221;outline-custom&#8221; outline_custom_color=&#8221;#be1e2d&#8221; outline_custom_hover_background=&#8221;#be1e2d&#8221; outline_custom_hover_text=&#8221;#ffffff&#8221; i_align=&#8221;right&#8221; i_type=&#8221;linecons&#8221; i_icon_linecons=&#8221;vc_li vc_li-paperplane&#8221; add_icon=&#8221;true&#8221; link=&#8221;url:%2Ffr%2Fmenuiseries%2Ffacades-continues-en-aluminium%2F|||&#8221;][\/vc_column_inner][\/vc_row_inner][vc_row_inner][vc_column_inner width=&#8221;1\/3&#8243;][vc_single_image image=&#8221;7341&#8243; img_size=&#8221;full&#8221;][\/vc_column_inner][vc_column_inner el_class=&#8221;areatext&#8221; width=&#8221;2\/3&#8243; css=&#8221;.vc_custom_1490364580675{background-color: #ffffff !important;}&#8221;][vc_custom_heading text=&#8221;Balustrades vitr\u00e9es &#8221; font_container=&#8221;tag:h2|font_size:20|text_align:left|color:%23be1e2d&#8221; use_theme_fonts=&#8221;yes&#8221;][vc_column_text css=&#8221;.vc_custom_1490364466812{margin-bottom: 20px !important;}&#8221;]Design minimale, sistemi di montaggio con profilati in alluminio a vista e non . Nata per delimitare i tuoi spazi in totale trasparenza.<\/p>\n<p>&nbsp;<\/p>\n<p>[\/vc_column_text][vc_btn title=&#8221;Approfondir&#8221; style=&#8221;outline-custom&#8221; outline_custom_color=&#8221;#be1e2d&#8221; outline_custom_hover_background=&#8221;#be1e2d&#8221; outline_custom_hover_text=&#8221;#ffffff&#8221; i_align=&#8221;right&#8221; i_type=&#8221;linecons&#8221; i_icon_linecons=&#8221;vc_li vc_li-paperplane&#8221; add_icon=&#8221;true&#8221; link=&#8221;url:%2Ffr%2Fmenuiseries%2Fbalustrades-en-vitre%2F|||&#8221;][\/vc_column_inner][\/vc_row_inner][vc_row_inner][vc_column_inner width=&#8221;1\/3&#8243;][vc_single_image image=&#8221;6741&#8243; img_size=&#8221;full&#8221;][\/vc_column_inner][vc_column_inner el_class=&#8221;areatext&#8221; width=&#8221;2\/3&#8243; css=&#8221;.vc_custom_1490364584394{background-color: #ffffff !important;}&#8221;][vc_custom_heading text=&#8221;Cloisons&#8221; font_container=&#8221;tag:h2|font_size:20|text_align:left|color:%23be1e2d&#8221; use_theme_fonts=&#8221;yes&#8221;][vc_column_text css=&#8221;.vc_custom_1493208784567{margin-bottom: 20px !important;}&#8221;]Nos cloisons s&#8217;int\u00e8grent parfaitement avec les autres syst\u00e8mes d&#8217;ameublement. La possibilit\u00e9 de configurer les environnements avec \u00e9l\u00e9gance et technologie permet de cr\u00e9er des locaux avec des standards hauts.<\/p>\n<p>Un projet bas\u00e9 sur le bien-\u00eatre environnemental qui garantit la personnalisation, le confort acoustique, la vivibilit\u00e9 dans la relation espace\/\u00eatre humain.[\/vc_column_text][vc_btn title=&#8221;Approfondir&#8221; style=&#8221;outline-custom&#8221; outline_custom_color=&#8221;#be1e2d&#8221; outline_custom_hover_background=&#8221;#be1e2d&#8221; outline_custom_hover_text=&#8221;#ffffff&#8221; i_align=&#8221;right&#8221; i_type=&#8221;linecons&#8221; i_icon_linecons=&#8221;vc_li vc_li-paperplane&#8221; add_icon=&#8221;true&#8221; link=&#8221;url:%2Ffr%2Fmenuiseries%2Fcloisons%2F|||&#8221;][\/vc_column_inner][\/vc_row_inner][\/vc_column][\/vc_row][vc_row][vc_column][vc_column_text]<br \/>\n[\/vc_column_text][\/vc_column][\/vc_row][vc_row full_width=&#8221;stretch_row&#8221; css=&#8221;.vc_custom_1488446451420{margin-top: 0px !important;margin-bottom: 0px !important;padding-top: 15px !important;padding-bottom: 80px !important;background-color: #be1e2d !important;}&#8221;][vc_column][vc_row_inner css=&#8221;.vc_custom_1466518526780{margin-bottom: 0px !important;padding-top: 10px !important;padding-bottom: 35px !important;}&#8221;][vc_column_inner][vc_custom_heading text=&#8221;DEMANDER UN DEVIS&#8221; font_container=&#8221;tag:h1|font_size:36px|text_align:center|color:%23ffffff|line_height:30px&#8221; google_fonts=&#8221;font_family:Raleway%3A100%2C200%2C300%2Cregular%2C500%2C600%2C700%2C800%2C900|font_style:700%20bold%20regular%3A700%3Anormal&#8221;]\n<div class=\"wpcf7 no-js\" id=\"wpcf7-f7556-o1\" lang=\"it-IT\" dir=\"ltr\" data-wpcf7-id=\"7556\">\n<div class=\"screen-reader-response\"><p role=\"status\" aria-live=\"polite\" aria-atomic=\"true\"><\/p> <ul><\/ul><\/div>\n<form action=\"\/fr\/wp-json\/wp\/v2\/pages\/7384#wpcf7-f7556-o1\" method=\"post\" class=\"wpcf7-form init\" aria-label=\"Contact form\" novalidate=\"novalidate\" data-status=\"init\">\n<fieldset class=\"hidden-fields-container\"><input type=\"hidden\" name=\"_wpcf7\" value=\"7556\" \/><input type=\"hidden\" name=\"_wpcf7_version\" value=\"6.1.5\" \/><input type=\"hidden\" name=\"_wpcf7_locale\" value=\"it_IT\" \/><input type=\"hidden\" name=\"_wpcf7_unit_tag\" value=\"wpcf7-f7556-o1\" \/><input type=\"hidden\" name=\"_wpcf7_container_post\" value=\"0\" \/><input type=\"hidden\" name=\"_wpcf7_posted_data_hash\" value=\"\" \/><input type=\"hidden\" name=\"_wpcf7_recaptcha_response\" value=\"\" \/>\n<\/fieldset>\n<div class=\"content\">\n\t<div class=\"vc_col-md-4 first_set_inputs\">\n\t\t<p><span>Ecrivez votre nom:<\/span><br \/>\n<span class=\"wpcf7-form-control-wrap\" data-name=\"nome\"><input size=\"40\" maxlength=\"400\" class=\"wpcf7-form-control wpcf7-text wpcf7-validates-as-required input__field input__field--shoko\" aria-required=\"true\" aria-invalid=\"false\" value=\"\" type=\"text\" name=\"nome\" \/><\/span><label for=\"input-4\" class=\"input__label input__label--shoko\"><br \/>\n<span>Ecrivez votre adresse email:<\/span><br \/>\n<span class=\"wpcf7-form-control-wrap\" data-name=\"email\"><input size=\"40\" maxlength=\"400\" class=\"wpcf7-form-control wpcf7-email wpcf7-validates-as-required wpcf7-text wpcf7-validates-as-email input__field input__field--shoko\" aria-required=\"true\" aria-invalid=\"false\" value=\"\" type=\"email\" name=\"email\" \/><\/span><br \/>\n<span>Ecrivez votre num\u00e9ro:<\/span><br \/>\n<span class=\"wpcf7-form-control-wrap\" data-name=\"tel\"><input size=\"40\" maxlength=\"400\" class=\"wpcf7-form-control wpcf7-text input__field input__field--shoko\" aria-invalid=\"false\" value=\"\" type=\"text\" name=\"tel\" \/><\/span><br \/>\n<\/label>\n\t\t<\/p>\n\t<\/div>\n\t<div class=\"vc_col-md-8 second_set_inputs\">\n\t\t<p><span>Ecrivez votre message:<\/span><br \/>\n<span class=\"wpcf7-form-control-wrap\" data-name=\"messaggio\"><textarea cols=\"40\" rows=\"10\" maxlength=\"2000\" class=\"wpcf7-form-control wpcf7-textarea wpcf7-validates-as-required input__field input__field--shoko\" aria-required=\"true\" aria-invalid=\"false\" name=\"messaggio\"><\/textarea><\/span>\n\t\t<\/p>\n\t<\/div>\n\t<div class=\"vc_col-md-3 contact_button text-center\">\n\n <!-- <button class=\"submit-contact-button button form-control\" name=\"contact_me\">SEND<span class=\"cf-progress\">progress<\/span><\/button> -->\n\t\t<p><button name=\"contact_me\" class=\"vc_general vc_btn3 vc_btn3-size-lg vc_btn3-shape-square vc_btn3-style-outline-custom\" style=\"border-color: rgb(255, 255, 255); color: rgb(255, 255, 255); background-color: transparent;\" onmouseenter=\"this.style.borderColor='#ffffff'; this.style.backgroundColor='#ffffff'; this.style.color='#ffffff';\" onmouseleave=\"this.style.borderColor='#ffffff'; this.style.backgroundColor='transparent'; this.style.color='#ffffff'\">Envoyer<i class=\"vc_btn3-icon vc_li vc_li-paperplane\"><\/i><\/button>\n\t\t<\/p>\n\t<\/div>\n<\/div><div class=\"wpcf7-response-output\" aria-hidden=\"true\"><\/div>\n<\/form>\n<\/div>\n[\/vc_column_inner][\/vc_row_inner][\/vc_column][\/vc_row]<\/p>\n","protected":false},"excerpt":{"rendered":"<p>[vc_row][vc_column][vc_custom_heading text=&#8221;Menuiseries en aluminium&#8221; font_container=&#8221;tag:h1|text_align:left&#8221; use_theme_fonts=&#8221;yes&#8221;][vc_column_text]Tout part du projet du client, sur lequel nous faisons un travail rigoureux d&#8217;analyse afin de trouver les solutions et les mat\u00e9riaux qui r\u00e9pondent \u00e0 ses exigences. Nous pr\u00eatons le maximum de l&#8217;attention dans le d\u00e9veloppement de nos produits, du choix des mat\u00e9riaux aux \u00e9quipements utilis\u00e9s. Le but est d&#8217;unir [&hellip;]<\/p>\n","protected":false},"author":1,"featured_media":0,"parent":0,"menu_order":0,"comment_status":"closed","ping_status":"closed","template":"","meta":{"footnotes":""},"class_list":["post-7384","page","type-page","status-publish","hentry"],"yoast_head":"<!-- This site is optimized with the Yoast SEO plugin v27.1.1 - https:\/\/yoast.com\/product\/yoast-seo-wordpress\/ -->\n<title>Menuiseries - Alupoint<\/title>\n<meta name=\"description\" content=\"Tout part du projet du client, sur lequel nous faisons un travail rigoureux d&#039;analyse afin de trouver les solutions et les mat\u00e9riaux qui r\u00e9pondent \u00e0 ses exigences.\" \/>\n<meta name=\"robots\" content=\"index, follow, max-snippet:-1, max-image-preview:large, max-video-preview:-1\" \/>\n<link rel=\"canonical\" href=\"https:\/\/www.alupoint.it\/fr\/menuiseries\/\" \/>\n<meta property=\"og:locale\" content=\"fr_FR\" \/>\n<meta property=\"og:type\" content=\"article\" \/>\n<meta property=\"og:title\" content=\"Menuiseries - Alupoint\" \/>\n<meta property=\"og:description\" content=\"Tout part du projet du client, sur lequel nous faisons un travail rigoureux d&#039;analyse afin de trouver les solutions et les mat\u00e9riaux qui r\u00e9pondent \u00e0 ses exigences.\" \/>\n<meta property=\"og:url\" content=\"https:\/\/www.alupoint.it\/fr\/menuiseries\/\" \/>\n<meta property=\"og:site_name\" content=\"Alupoint\" \/>\n<meta property=\"article:modified_time\" content=\"2017-04-28T08:39:30+00:00\" \/>\n<meta name=\"twitter:card\" content=\"summary_large_image\" \/>\n<meta name=\"twitter:label1\" content=\"Est. reading time\" \/>\n\t<meta name=\"twitter:data1\" content=\"7 minutes\" \/>\n<script type=\"application\/ld+json\" class=\"yoast-schema-graph\">{\"@context\":\"https:\/\/schema.org\",\"@graph\":[{\"@type\":\"WebPage\",\"@id\":\"https:\/\/www.alupoint.it\/fr\/menuiseries\/\",\"url\":\"https:\/\/www.alupoint.it\/fr\/menuiseries\/\",\"name\":\"Menuiseries - Alupoint\",\"isPartOf\":{\"@id\":\"https:\/\/www.alupoint.it\/#website\"},\"datePublished\":\"2017-03-02T11:41:28+00:00\",\"dateModified\":\"2017-04-28T08:39:30+00:00\",\"description\":\"Tout part du projet du client, sur lequel nous faisons un travail rigoureux d'analyse afin de trouver les solutions et les mat\u00e9riaux qui r\u00e9pondent \u00e0 ses exigences.\",\"breadcrumb\":{\"@id\":\"https:\/\/www.alupoint.it\/fr\/menuiseries\/#breadcrumb\"},\"inLanguage\":\"fr-FR\",\"potentialAction\":[{\"@type\":\"ReadAction\",\"target\":[\"https:\/\/www.alupoint.it\/fr\/menuiseries\/\"]}]},{\"@type\":\"BreadcrumbList\",\"@id\":\"https:\/\/www.alupoint.it\/fr\/menuiseries\/#breadcrumb\",\"itemListElement\":[{\"@type\":\"ListItem\",\"position\":1,\"name\":\"Home\",\"item\":\"https:\/\/www.alupoint.it\/fr\/\"},{\"@type\":\"ListItem\",\"position\":2,\"name\":\"Menuiseries\"}]},{\"@type\":\"WebSite\",\"@id\":\"https:\/\/www.alupoint.it\/#website\",\"url\":\"https:\/\/www.alupoint.it\/\",\"name\":\"Alupoint\",\"description\":\"Serramenti e Infissi in Alluminio\",\"publisher\":{\"@id\":\"https:\/\/www.alupoint.it\/#organization\"},\"potentialAction\":[{\"@type\":\"SearchAction\",\"target\":{\"@type\":\"EntryPoint\",\"urlTemplate\":\"https:\/\/www.alupoint.it\/?s={search_term_string}\"},\"query-input\":{\"@type\":\"PropertyValueSpecification\",\"valueRequired\":true,\"valueName\":\"search_term_string\"}}],\"inLanguage\":\"fr-FR\"},{\"@type\":\"Organization\",\"@id\":\"https:\/\/www.alupoint.it\/#organization\",\"name\":\"Alupoint di Pazzini Massimo e C. S.A.S\",\"url\":\"https:\/\/www.alupoint.it\/\",\"logo\":{\"@type\":\"ImageObject\",\"inLanguage\":\"fr-FR\",\"@id\":\"https:\/\/www.alupoint.it\/#\/schema\/logo\/image\/\",\"url\":\"https:\/\/www.alupoint.it\/wp-content\/uploads\/2017\/03\/logo-header-alupoint.jpg\",\"contentUrl\":\"https:\/\/www.alupoint.it\/wp-content\/uploads\/2017\/03\/logo-header-alupoint.jpg\",\"width\":300,\"height\":117,\"caption\":\"Alupoint di Pazzini Massimo e C. S.A.S\"},\"image\":{\"@id\":\"https:\/\/www.alupoint.it\/#\/schema\/logo\/image\/\"}}]}<\/script>\n<!-- \/ Yoast SEO plugin. -->","yoast_head_json":{"title":"Menuiseries - Alupoint","description":"Tout part du projet du client, sur lequel nous faisons un travail rigoureux d'analyse afin de trouver les solutions et les mat\u00e9riaux qui r\u00e9pondent \u00e0 ses exigences.","robots":{"index":"index","follow":"follow","max-snippet":"max-snippet:-1","max-image-preview":"max-image-preview:large","max-video-preview":"max-video-preview:-1"},"canonical":"https:\/\/www.alupoint.it\/fr\/menuiseries\/","og_locale":"fr_FR","og_type":"article","og_title":"Menuiseries - Alupoint","og_description":"Tout part du projet du client, sur lequel nous faisons un travail rigoureux d'analyse afin de trouver les solutions et les mat\u00e9riaux qui r\u00e9pondent \u00e0 ses exigences.","og_url":"https:\/\/www.alupoint.it\/fr\/menuiseries\/","og_site_name":"Alupoint","article_modified_time":"2017-04-28T08:39:30+00:00","twitter_card":"summary_large_image","twitter_misc":{"Est. reading time":"7 minutes"},"schema":{"@context":"https:\/\/schema.org","@graph":[{"@type":"WebPage","@id":"https:\/\/www.alupoint.it\/fr\/menuiseries\/","url":"https:\/\/www.alupoint.it\/fr\/menuiseries\/","name":"Menuiseries - Alupoint","isPartOf":{"@id":"https:\/\/www.alupoint.it\/#website"},"datePublished":"2017-03-02T11:41:28+00:00","dateModified":"2017-04-28T08:39:30+00:00","description":"Tout part du projet du client, sur lequel nous faisons un travail rigoureux d'analyse afin de trouver les solutions et les mat\u00e9riaux qui r\u00e9pondent \u00e0 ses exigences.","breadcrumb":{"@id":"https:\/\/www.alupoint.it\/fr\/menuiseries\/#breadcrumb"},"inLanguage":"fr-FR","potentialAction":[{"@type":"ReadAction","target":["https:\/\/www.alupoint.it\/fr\/menuiseries\/"]}]},{"@type":"BreadcrumbList","@id":"https:\/\/www.alupoint.it\/fr\/menuiseries\/#breadcrumb","itemListElement":[{"@type":"ListItem","position":1,"name":"Home","item":"https:\/\/www.alupoint.it\/fr\/"},{"@type":"ListItem","position":2,"name":"Menuiseries"}]},{"@type":"WebSite","@id":"https:\/\/www.alupoint.it\/#website","url":"https:\/\/www.alupoint.it\/","name":"Alupoint","description":"Serramenti e Infissi in Alluminio","publisher":{"@id":"https:\/\/www.alupoint.it\/#organization"},"potentialAction":[{"@type":"SearchAction","target":{"@type":"EntryPoint","urlTemplate":"https:\/\/www.alupoint.it\/?s={search_term_string}"},"query-input":{"@type":"PropertyValueSpecification","valueRequired":true,"valueName":"search_term_string"}}],"inLanguage":"fr-FR"},{"@type":"Organization","@id":"https:\/\/www.alupoint.it\/#organization","name":"Alupoint di Pazzini Massimo e C. S.A.S","url":"https:\/\/www.alupoint.it\/","logo":{"@type":"ImageObject","inLanguage":"fr-FR","@id":"https:\/\/www.alupoint.it\/#\/schema\/logo\/image\/","url":"https:\/\/www.alupoint.it\/wp-content\/uploads\/2017\/03\/logo-header-alupoint.jpg","contentUrl":"https:\/\/www.alupoint.it\/wp-content\/uploads\/2017\/03\/logo-header-alupoint.jpg","width":300,"height":117,"caption":"Alupoint di Pazzini Massimo e C. S.A.S"},"image":{"@id":"https:\/\/www.alupoint.it\/#\/schema\/logo\/image\/"}}]}},"_links":{"self":[{"href":"https:\/\/www.alupoint.it\/fr\/wp-json\/wp\/v2\/pages\/7384","targetHints":{"allow":["GET"]}}],"collection":[{"href":"https:\/\/www.alupoint.it\/fr\/wp-json\/wp\/v2\/pages"}],"about":[{"href":"https:\/\/www.alupoint.it\/fr\/wp-json\/wp\/v2\/types\/page"}],"author":[{"embeddable":true,"href":"https:\/\/www.alupoint.it\/fr\/wp-json\/wp\/v2\/users\/1"}],"replies":[{"embeddable":true,"href":"https:\/\/www.alupoint.it\/fr\/wp-json\/wp\/v2\/comments?post=7384"}],"version-history":[{"count":4,"href":"https:\/\/www.alupoint.it\/fr\/wp-json\/wp\/v2\/pages\/7384\/revisions"}],"predecessor-version":[{"id":7734,"href":"https:\/\/www.alupoint.it\/fr\/wp-json\/wp\/v2\/pages\/7384\/revisions\/7734"}],"wp:attachment":[{"href":"https:\/\/www.alupoint.it\/fr\/wp-json\/wp\/v2\/media?parent=7384"}],"curies":[{"name":"wp","href":"https:\/\/api.w.org\/{rel}","templated":true}]}}