{"id":7398,"date":"2017-03-02T15:01:36","date_gmt":"2017-03-02T14:01:36","guid":{"rendered":"https:\/\/www.alupoint.it\/fr\/menuiseries\/porte-in-alluminio\/"},"modified":"2017-04-27T15:42:56","modified_gmt":"2017-04-27T13:42:56","slug":"portes-en-aluminium","status":"publish","type":"page","link":"https:\/\/www.alupoint.it\/fr\/menuiseries\/portes-en-aluminium\/","title":{"rendered":"Portes en aluminium"},"content":{"rendered":"<p>[vc_row][vc_column][vc_custom_heading text=&#8221;Portes en aluminium&#8221; font_container=&#8221;tag:h1|text_align:left&#8221; use_theme_fonts=&#8221;yes&#8221;][vc_row_inner][vc_column_inner width=&#8221;1\/2&#8243;][vc_single_image image=&#8221;6739&#8243; img_size=&#8221;full&#8221;][\/vc_column_inner][vc_column_inner width=&#8221;1\/2&#8243;][vc_column_text]Les portes d&#8217;entr\u00e9e Alypoint s&#8217;harmonisent avec du style \u00e0 chaque contxte et resistent \u00e0 n&#8217;importe quelle situation climatique.<\/p>\n<p>Elles appartiennent \u00e0 une classe de prestations sup\u00e9rieures: elles peuvent \u00eatre \u00e0 double ou triple garniture pour une resistance \u00e0 toute \u00e9preuve aux intemp\u00e9ries\u2026 elles sont secures, resistantes et ind\u00e9formables, elles sont esth\u00e9tiquement belles, fonctionnelles et elles contribuent \u00e0 una bonne consommation d&#8217;\u00e9nergie.<\/p>\n<p>Les surfaces disponibles sont nombreuses et touchantes, il y a beaucoup de couleurs et effets, le choix des lumi\u00e8res \u00e0 associer aux vitres est \u00e9norme. Un grand design pour les accessoires originels (poign\u00e9es et charni\u00e8res).<br \/>\n[\/vc_column_text][\/vc_column_inner][\/vc_row_inner][\/vc_column][\/vc_row][vc_row][vc_column width=&#8221;1\/3&#8243;][vc_custom_heading text=&#8221;Applications&#8221; use_theme_fonts=&#8221;yes&#8221;][vc_column_text]<\/p>\n<ul>\n<li>Portes pour habitations priv\u00e9es et b\u00e2timents publics<\/li>\n<li>Combinaison avec syst\u00e8mes pour fa\u00e7ades continues<\/li>\n<\/ul>\n<p>[\/vc_column_text][\/vc_column][vc_column width=&#8221;1\/3&#8243;][vc_custom_heading text=&#8221;Caract\u00e9ristiques&#8221; use_theme_fonts=&#8221;yes&#8221;][vc_column_text]Les syst\u00e8mes Alupoint pour portes d&#8217;entr\u00e9e \u00e0 coupe th\u00e9rmique NC 65 STH Portes et NC 75 STH Portes r\u00e9pondent de fa\u00e7on ad\u00e9quate \u00e0 toutes les exigences de prestation.<\/p>\n<p>La gamme exclusice d&#8217;accessoires originels assure la vitesse du montage, la resistance et l&#8217;\u00e9tancheit\u00e9 parfaites, tout en \u00e9vitant les courants d&#8217;air et les infiltrations d&#8217;eau.<\/p>\n<p>En outre, il est possible d&#8217;appliquer des panneaux d&#8217;isolation ou des portes totalement vitr\u00e9es.[\/vc_column_text][\/vc_column][vc_column width=&#8221;1\/3&#8243;][vc_custom_heading text=&#8221;Lignes esth\u00e9tiques&#8221; use_theme_fonts=&#8221;yes&#8221;][vc_column_text]<\/p>\n<ul>\n<li>Isolation th\u00e9rmique maximale<\/li>\n<li>Isolation acoustique maximale<\/li>\n<li>Pas de courants d&#8217;air<\/li>\n<li>Pas de barri\u00e8res architectoniques<\/li>\n<li>Inalt\u00e9rabilit\u00e9 et dur\u00e9e dans le temps<\/li>\n<li>S\u00e9curit\u00e9 anti effraction<\/li>\n<li>Les charni\u00e8res filiformes rendent la porte esth\u00e9tiquement agr\u00e9able et \u00e9l\u00e9gante.<\/li>\n<li>Panneau \u00e0 haute isolation thermique et acoustique, dot\u00e9 de joint \u00e9lastique qui peut resoudre le probl\u00e8me &#8220;Bi-metall-effekt&#8221; m\u00eame dans des conditions de forte exposition au soleil. Equerres \u00e0 broche ou par agrafage avec injection de collants<\/li>\n<li>Ample programme de serrures m\u00e9caniques et el\u00e9ctriques (fermeture automatique) et relatives rencontres m\u00eame ajustable.<\/li>\n<li>Facilit\u00e9 d&#8217;entretien<\/li>\n<li>Ouverture maximale<\/li>\n<\/ul>\n<p>[\/vc_column_text][\/vc_column][\/vc_row][vc_row full_width=&#8221;stretch_row&#8221; css=&#8221;.vc_custom_1488446451420{margin-top: 0px !important;margin-bottom: 0px !important;padding-top: 15px !important;padding-bottom: 80px !important;background-color: #be1e2d !important;}&#8221;][vc_column][vc_row_inner css=&#8221;.vc_custom_1466518526780{margin-bottom: 0px !important;padding-top: 10px !important;padding-bottom: 35px !important;}&#8221;][vc_column_inner][vc_custom_heading text=&#8221;DEMANDER UN DEVIS&#8221; font_container=&#8221;tag:h1|font_size:36px|text_align:center|color:%23ffffff|line_height:30px&#8221; google_fonts=&#8221;font_family:Raleway%3A100%2C200%2C300%2Cregular%2C500%2C600%2C700%2C800%2C900|font_style:700%20bold%20regular%3A700%3Anormal&#8221;][\/vc_column_inner][\/vc_row_inner]\n<div class=\"wpcf7 no-js\" id=\"wpcf7-f7556-o1\" lang=\"it-IT\" dir=\"ltr\" data-wpcf7-id=\"7556\">\n<div class=\"screen-reader-response\"><p role=\"status\" aria-live=\"polite\" aria-atomic=\"true\"><\/p> <ul><\/ul><\/div>\n<form action=\"\/fr\/wp-json\/wp\/v2\/pages\/7398#wpcf7-f7556-o1\" method=\"post\" class=\"wpcf7-form init\" aria-label=\"Contact form\" novalidate=\"novalidate\" data-status=\"init\">\n<fieldset class=\"hidden-fields-container\"><input type=\"hidden\" name=\"_wpcf7\" value=\"7556\" \/><input type=\"hidden\" name=\"_wpcf7_version\" value=\"6.1.5\" \/><input type=\"hidden\" name=\"_wpcf7_locale\" value=\"it_IT\" \/><input type=\"hidden\" name=\"_wpcf7_unit_tag\" value=\"wpcf7-f7556-o1\" \/><input type=\"hidden\" name=\"_wpcf7_container_post\" value=\"0\" \/><input type=\"hidden\" name=\"_wpcf7_posted_data_hash\" value=\"\" \/><input type=\"hidden\" name=\"_wpcf7_recaptcha_response\" value=\"\" \/>\n<\/fieldset>\n<div class=\"content\">\n\t<div class=\"vc_col-md-4 first_set_inputs\">\n\t\t<p><span>Ecrivez votre nom:<\/span><br \/>\n<span class=\"wpcf7-form-control-wrap\" data-name=\"nome\"><input size=\"40\" maxlength=\"400\" class=\"wpcf7-form-control wpcf7-text wpcf7-validates-as-required input__field input__field--shoko\" aria-required=\"true\" aria-invalid=\"false\" value=\"\" type=\"text\" name=\"nome\" \/><\/span><label for=\"input-4\" class=\"input__label input__label--shoko\"><br \/>\n<span>Ecrivez votre adresse email:<\/span><br \/>\n<span class=\"wpcf7-form-control-wrap\" data-name=\"email\"><input size=\"40\" maxlength=\"400\" class=\"wpcf7-form-control wpcf7-email wpcf7-validates-as-required wpcf7-text wpcf7-validates-as-email input__field input__field--shoko\" aria-required=\"true\" aria-invalid=\"false\" value=\"\" type=\"email\" name=\"email\" \/><\/span><br \/>\n<span>Ecrivez votre num\u00e9ro:<\/span><br \/>\n<span class=\"wpcf7-form-control-wrap\" data-name=\"tel\"><input size=\"40\" maxlength=\"400\" class=\"wpcf7-form-control wpcf7-text input__field input__field--shoko\" aria-invalid=\"false\" value=\"\" type=\"text\" name=\"tel\" \/><\/span><br \/>\n<\/label>\n\t\t<\/p>\n\t<\/div>\n\t<div class=\"vc_col-md-8 second_set_inputs\">\n\t\t<p><span>Ecrivez votre message:<\/span><br \/>\n<span class=\"wpcf7-form-control-wrap\" data-name=\"messaggio\"><textarea cols=\"40\" rows=\"10\" maxlength=\"2000\" class=\"wpcf7-form-control wpcf7-textarea wpcf7-validates-as-required input__field input__field--shoko\" aria-required=\"true\" aria-invalid=\"false\" name=\"messaggio\"><\/textarea><\/span>\n\t\t<\/p>\n\t<\/div>\n\t<div class=\"vc_col-md-3 contact_button text-center\">\n\n <!-- <button class=\"submit-contact-button button form-control\" name=\"contact_me\">SEND<span class=\"cf-progress\">progress<\/span><\/button> -->\n\t\t<p><button name=\"contact_me\" class=\"vc_general vc_btn3 vc_btn3-size-lg vc_btn3-shape-square vc_btn3-style-outline-custom\" style=\"border-color: rgb(255, 255, 255); color: rgb(255, 255, 255); background-color: transparent;\" onmouseenter=\"this.style.borderColor='#ffffff'; this.style.backgroundColor='#ffffff'; this.style.color='#ffffff';\" onmouseleave=\"this.style.borderColor='#ffffff'; this.style.backgroundColor='transparent'; this.style.color='#ffffff'\">Envoyer<i class=\"vc_btn3-icon vc_li vc_li-paperplane\"><\/i><\/button>\n\t\t<\/p>\n\t<\/div>\n<\/div><div class=\"wpcf7-response-output\" aria-hidden=\"true\"><\/div>\n<\/form>\n<\/div>\n[\/vc_column][\/vc_row]<\/p>\n","protected":false},"excerpt":{"rendered":"<p>[vc_row][vc_column][vc_custom_heading text=&#8221;Portes en aluminium&#8221; font_container=&#8221;tag:h1|text_align:left&#8221; use_theme_fonts=&#8221;yes&#8221;][vc_row_inner][vc_column_inner width=&#8221;1\/2&#8243;][vc_single_image image=&#8221;6739&#8243; img_size=&#8221;full&#8221;][\/vc_column_inner][vc_column_inner width=&#8221;1\/2&#8243;][vc_column_text]Les portes d&#8217;entr\u00e9e Alypoint s&#8217;harmonisent avec du style \u00e0 chaque contxte et resistent \u00e0 n&#8217;importe quelle situation climatique. Elles appartiennent \u00e0 une classe de prestations sup\u00e9rieures: elles peuvent \u00eatre \u00e0 double ou triple garniture pour une resistance \u00e0 toute \u00e9preuve aux intemp\u00e9ries\u2026 elles sont secures, resistantes [&hellip;]<\/p>\n","protected":false},"author":1,"featured_media":0,"parent":7384,"menu_order":0,"comment_status":"closed","ping_status":"closed","template":"","meta":{"footnotes":""},"class_list":["post-7398","page","type-page","status-publish","hentry"],"yoast_head":"<!-- This site is optimized with the Yoast SEO plugin v27.1.1 - https:\/\/yoast.com\/product\/yoast-seo-wordpress\/ -->\n<title>Portes en aluminium - Alupoint<\/title>\n<meta name=\"robots\" content=\"index, follow, max-snippet:-1, max-image-preview:large, max-video-preview:-1\" \/>\n<link rel=\"canonical\" href=\"https:\/\/www.alupoint.it\/fr\/menuiseries\/portes-en-aluminium\/\" \/>\n<meta property=\"og:locale\" content=\"fr_FR\" \/>\n<meta property=\"og:type\" content=\"article\" \/>\n<meta property=\"og:title\" content=\"Portes en aluminium - Alupoint\" \/>\n<meta property=\"og:description\" content=\"[vc_row][vc_column][vc_custom_heading text=&#8221;Portes en aluminium&#8221; font_container=&#8221;tag:h1|text_align:left&#8221; use_theme_fonts=&#8221;yes&#8221;][vc_row_inner][vc_column_inner width=&#8221;1\/2&#8243;][vc_single_image image=&#8221;6739&#8243; img_size=&#8221;full&#8221;][\/vc_column_inner][vc_column_inner width=&#8221;1\/2&#8243;][vc_column_text]Les portes d&#8217;entr\u00e9e Alypoint s&#8217;harmonisent avec du style \u00e0 chaque contxte et resistent \u00e0 n&#8217;importe quelle situation climatique. Elles appartiennent \u00e0 une classe de prestations sup\u00e9rieures: elles peuvent \u00eatre \u00e0 double ou triple garniture pour une resistance \u00e0 toute \u00e9preuve aux intemp\u00e9ries\u2026 elles sont secures, resistantes [&hellip;]\" \/>\n<meta property=\"og:url\" content=\"https:\/\/www.alupoint.it\/fr\/menuiseries\/portes-en-aluminium\/\" \/>\n<meta property=\"og:site_name\" content=\"Alupoint\" \/>\n<meta property=\"article:modified_time\" content=\"2017-04-27T13:42:56+00:00\" \/>\n<meta name=\"twitter:card\" content=\"summary_large_image\" \/>\n<meta name=\"twitter:label1\" content=\"Est. reading time\" \/>\n\t<meta name=\"twitter:data1\" content=\"3 minutes\" \/>\n<script type=\"application\/ld+json\" class=\"yoast-schema-graph\">{\"@context\":\"https:\/\/schema.org\",\"@graph\":[{\"@type\":\"WebPage\",\"@id\":\"https:\/\/www.alupoint.it\/fr\/menuiseries\/portes-en-aluminium\/\",\"url\":\"https:\/\/www.alupoint.it\/fr\/menuiseries\/portes-en-aluminium\/\",\"name\":\"Portes en aluminium - Alupoint\",\"isPartOf\":{\"@id\":\"https:\/\/www.alupoint.it\/#website\"},\"datePublished\":\"2017-03-02T14:01:36+00:00\",\"dateModified\":\"2017-04-27T13:42:56+00:00\",\"breadcrumb\":{\"@id\":\"https:\/\/www.alupoint.it\/fr\/menuiseries\/portes-en-aluminium\/#breadcrumb\"},\"inLanguage\":\"fr-FR\",\"potentialAction\":[{\"@type\":\"ReadAction\",\"target\":[\"https:\/\/www.alupoint.it\/fr\/menuiseries\/portes-en-aluminium\/\"]}]},{\"@type\":\"BreadcrumbList\",\"@id\":\"https:\/\/www.alupoint.it\/fr\/menuiseries\/portes-en-aluminium\/#breadcrumb\",\"itemListElement\":[{\"@type\":\"ListItem\",\"position\":1,\"name\":\"Home\",\"item\":\"https:\/\/www.alupoint.it\/fr\/\"},{\"@type\":\"ListItem\",\"position\":2,\"name\":\"Menuiseries\",\"item\":\"https:\/\/www.alupoint.it\/fr\/menuiseries\/\"},{\"@type\":\"ListItem\",\"position\":3,\"name\":\"Portes en aluminium\"}]},{\"@type\":\"WebSite\",\"@id\":\"https:\/\/www.alupoint.it\/#website\",\"url\":\"https:\/\/www.alupoint.it\/\",\"name\":\"Alupoint\",\"description\":\"Serramenti e Infissi in Alluminio\",\"publisher\":{\"@id\":\"https:\/\/www.alupoint.it\/#organization\"},\"potentialAction\":[{\"@type\":\"SearchAction\",\"target\":{\"@type\":\"EntryPoint\",\"urlTemplate\":\"https:\/\/www.alupoint.it\/?s={search_term_string}\"},\"query-input\":{\"@type\":\"PropertyValueSpecification\",\"valueRequired\":true,\"valueName\":\"search_term_string\"}}],\"inLanguage\":\"fr-FR\"},{\"@type\":\"Organization\",\"@id\":\"https:\/\/www.alupoint.it\/#organization\",\"name\":\"Alupoint di Pazzini Massimo e C. S.A.S\",\"url\":\"https:\/\/www.alupoint.it\/\",\"logo\":{\"@type\":\"ImageObject\",\"inLanguage\":\"fr-FR\",\"@id\":\"https:\/\/www.alupoint.it\/#\/schema\/logo\/image\/\",\"url\":\"https:\/\/www.alupoint.it\/wp-content\/uploads\/2017\/03\/logo-header-alupoint.jpg\",\"contentUrl\":\"https:\/\/www.alupoint.it\/wp-content\/uploads\/2017\/03\/logo-header-alupoint.jpg\",\"width\":300,\"height\":117,\"caption\":\"Alupoint di Pazzini Massimo e C. S.A.S\"},\"image\":{\"@id\":\"https:\/\/www.alupoint.it\/#\/schema\/logo\/image\/\"}}]}<\/script>\n<!-- \/ Yoast SEO plugin. -->","yoast_head_json":{"title":"Portes en aluminium - Alupoint","robots":{"index":"index","follow":"follow","max-snippet":"max-snippet:-1","max-image-preview":"max-image-preview:large","max-video-preview":"max-video-preview:-1"},"canonical":"https:\/\/www.alupoint.it\/fr\/menuiseries\/portes-en-aluminium\/","og_locale":"fr_FR","og_type":"article","og_title":"Portes en aluminium - Alupoint","og_description":"[vc_row][vc_column][vc_custom_heading text=&#8221;Portes en aluminium&#8221; font_container=&#8221;tag:h1|text_align:left&#8221; use_theme_fonts=&#8221;yes&#8221;][vc_row_inner][vc_column_inner width=&#8221;1\/2&#8243;][vc_single_image image=&#8221;6739&#8243; img_size=&#8221;full&#8221;][\/vc_column_inner][vc_column_inner width=&#8221;1\/2&#8243;][vc_column_text]Les portes d&#8217;entr\u00e9e Alypoint s&#8217;harmonisent avec du style \u00e0 chaque contxte et resistent \u00e0 n&#8217;importe quelle situation climatique. Elles appartiennent \u00e0 une classe de prestations sup\u00e9rieures: elles peuvent \u00eatre \u00e0 double ou triple garniture pour une resistance \u00e0 toute \u00e9preuve aux intemp\u00e9ries\u2026 elles sont secures, resistantes [&hellip;]","og_url":"https:\/\/www.alupoint.it\/fr\/menuiseries\/portes-en-aluminium\/","og_site_name":"Alupoint","article_modified_time":"2017-04-27T13:42:56+00:00","twitter_card":"summary_large_image","twitter_misc":{"Est. reading time":"3 minutes"},"schema":{"@context":"https:\/\/schema.org","@graph":[{"@type":"WebPage","@id":"https:\/\/www.alupoint.it\/fr\/menuiseries\/portes-en-aluminium\/","url":"https:\/\/www.alupoint.it\/fr\/menuiseries\/portes-en-aluminium\/","name":"Portes en aluminium - Alupoint","isPartOf":{"@id":"https:\/\/www.alupoint.it\/#website"},"datePublished":"2017-03-02T14:01:36+00:00","dateModified":"2017-04-27T13:42:56+00:00","breadcrumb":{"@id":"https:\/\/www.alupoint.it\/fr\/menuiseries\/portes-en-aluminium\/#breadcrumb"},"inLanguage":"fr-FR","potentialAction":[{"@type":"ReadAction","target":["https:\/\/www.alupoint.it\/fr\/menuiseries\/portes-en-aluminium\/"]}]},{"@type":"BreadcrumbList","@id":"https:\/\/www.alupoint.it\/fr\/menuiseries\/portes-en-aluminium\/#breadcrumb","itemListElement":[{"@type":"ListItem","position":1,"name":"Home","item":"https:\/\/www.alupoint.it\/fr\/"},{"@type":"ListItem","position":2,"name":"Menuiseries","item":"https:\/\/www.alupoint.it\/fr\/menuiseries\/"},{"@type":"ListItem","position":3,"name":"Portes en aluminium"}]},{"@type":"WebSite","@id":"https:\/\/www.alupoint.it\/#website","url":"https:\/\/www.alupoint.it\/","name":"Alupoint","description":"Serramenti e Infissi in Alluminio","publisher":{"@id":"https:\/\/www.alupoint.it\/#organization"},"potentialAction":[{"@type":"SearchAction","target":{"@type":"EntryPoint","urlTemplate":"https:\/\/www.alupoint.it\/?s={search_term_string}"},"query-input":{"@type":"PropertyValueSpecification","valueRequired":true,"valueName":"search_term_string"}}],"inLanguage":"fr-FR"},{"@type":"Organization","@id":"https:\/\/www.alupoint.it\/#organization","name":"Alupoint di Pazzini Massimo e C. S.A.S","url":"https:\/\/www.alupoint.it\/","logo":{"@type":"ImageObject","inLanguage":"fr-FR","@id":"https:\/\/www.alupoint.it\/#\/schema\/logo\/image\/","url":"https:\/\/www.alupoint.it\/wp-content\/uploads\/2017\/03\/logo-header-alupoint.jpg","contentUrl":"https:\/\/www.alupoint.it\/wp-content\/uploads\/2017\/03\/logo-header-alupoint.jpg","width":300,"height":117,"caption":"Alupoint di Pazzini Massimo e C. S.A.S"},"image":{"@id":"https:\/\/www.alupoint.it\/#\/schema\/logo\/image\/"}}]}},"_links":{"self":[{"href":"https:\/\/www.alupoint.it\/fr\/wp-json\/wp\/v2\/pages\/7398","targetHints":{"allow":["GET"]}}],"collection":[{"href":"https:\/\/www.alupoint.it\/fr\/wp-json\/wp\/v2\/pages"}],"about":[{"href":"https:\/\/www.alupoint.it\/fr\/wp-json\/wp\/v2\/types\/page"}],"author":[{"embeddable":true,"href":"https:\/\/www.alupoint.it\/fr\/wp-json\/wp\/v2\/users\/1"}],"replies":[{"embeddable":true,"href":"https:\/\/www.alupoint.it\/fr\/wp-json\/wp\/v2\/comments?post=7398"}],"version-history":[{"count":3,"href":"https:\/\/www.alupoint.it\/fr\/wp-json\/wp\/v2\/pages\/7398\/revisions"}],"predecessor-version":[{"id":7401,"href":"https:\/\/www.alupoint.it\/fr\/wp-json\/wp\/v2\/pages\/7398\/revisions\/7401"}],"up":[{"embeddable":true,"href":"https:\/\/www.alupoint.it\/fr\/wp-json\/wp\/v2\/pages\/7384"}],"wp:attachment":[{"href":"https:\/\/www.alupoint.it\/fr\/wp-json\/wp\/v2\/media?parent=7398"}],"curies":[{"name":"wp","href":"https:\/\/api.w.org\/{rel}","templated":true}]}}