{"id":7404,"date":"2017-03-02T15:02:33","date_gmt":"2017-03-02T14:02:33","guid":{"rendered":"https:\/\/www.alupoint.it\/fr\/menuiseries\/porte-scorrevoli-alluminio\/"},"modified":"2017-04-27T15:42:47","modified_gmt":"2017-04-27T13:42:47","slug":"portes-coulissantes-en-aluminium","status":"publish","type":"page","link":"https:\/\/www.alupoint.it\/fr\/menuiseries\/portes-coulissantes-en-aluminium\/","title":{"rendered":"Portes coulissantes en aluminium"},"content":{"rendered":"<p>[vc_row][vc_column][vc_custom_heading text=&#8221;Portes coulissantes en aluminium&#8221; font_container=&#8221;tag:h1|text_align:left&#8221; use_theme_fonts=&#8221;yes&#8221;][vc_row_inner][vc_column_inner width=&#8221;1\/2&#8243;][vc_single_image image=&#8221;6813&#8243; img_size=&#8221;full&#8221;][\/vc_column_inner][vc_column_inner width=&#8221;1\/2&#8243;][vc_column_text]Choisir et proposer un syst\u00e8me coulissant Alupoint veut dire s&#8217;orienter vers un style de vie plus contemporain et confortable.<\/p>\n<p>Les syst\u00e8mes coulissants Alupoint contiennent toute la technologie et le design n\u00e9cessaires \u00e0 un designer pour valoriser les propositions pour l&#8217;int\u00e9rieur et l&#8217;ext\u00e9rieur: grandes lumi\u00e8res, design de haut gout, m\u00eame extra-mince (la gamme va d&#8217;une base de 50 mm, jusqu&#8217;\u00e0 150mm), avec le coeur en aluminium.<\/p>\n<p>Par rapport aux produits en autres mat\u00e9riaux, les coulissants Alupoint comprennent performance esth\u00e9tique, s\u00e9curit\u00e9, \u00e9tancheit\u00e9, dur\u00e9e, confort\u2026A tout cela, on ajoute une vaste gamme de surfaces tr\u00e8s belles, m\u00eame en bois naturel.[\/vc_column_text][\/vc_column_inner][\/vc_row_inner][\/vc_column][\/vc_row][vc_row][vc_column width=&#8221;1\/3&#8243;][vc_custom_heading text=&#8221;Applications&#8221; use_theme_fonts=&#8221;yes&#8221;][vc_column_text]<\/p>\n<ul>\n<li>Fen\u00eatres et portes coulissantes \u00e0 2 et 3 rails<\/li>\n<li>Portes levants coulissantes pour des grandes dimensions<\/li>\n<\/ul>\n<p>[\/vc_column_text][\/vc_column][vc_column width=&#8221;1\/3&#8243;][vc_custom_heading text=&#8221;Avantages&#8221; use_theme_fonts=&#8221;yes&#8221;][vc_column_text]<\/p>\n<ul>\n<li>Facilit\u00e9 d&#8217;entretien<\/li>\n<li>Isolation th\u00e9rmique et acoustique<\/li>\n<li>Pas de barri\u00e8res architectoniques<\/li>\n<li>Optimisation des espaces<\/li>\n<li>Design de haut niveau<\/li>\n<li>Inalt\u00e9rablit\u00e9 et dur\u00e9e dans le temps<\/li>\n<li>Syst\u00e8me anti effraction<\/li>\n<li>Pr\u00e9disposition syst\u00e8me de s\u00e9curit\u00e9 contre le vol<\/li>\n<li>Pr\u00e9disposition \u00e0 l&#8217;automatisation et \u00e0 la domotique<\/li>\n<li>Confort dans le syst\u00e8me coulissant<\/li>\n<\/ul>\n<p>[\/vc_column_text][\/vc_column][vc_column width=&#8221;1\/3&#8243;][vc_custom_heading text=&#8221;Caract\u00e9ristiques&#8221; use_theme_fonts=&#8221;yes&#8221;][vc_column_text]<\/p>\n<ul>\n<li>S\u00e9ries coulissantes produites avec des profil\u00e9s \u00e0 coupure thermique ou non thermique, qui peuvent \u00eatre int\u00e9gr\u00e9s avec les s\u00e9ries battantes NC 50 I, NC 50 STH et NC 65 STH<\/li>\n<li>Dessin ergonomique avec profil\u00e9s plats sur les faces ext\u00e9rieures, faciles \u00e0 nettoyer.<\/li>\n<li>Trous de drainage d&#8217;eau ins\u00e9r\u00e9s dans des parties non visibles afin d&#8217;am\u00e9liorer l&#8217;aspect esth\u00e9tique et pour r\u00e9duire le cout du produit.<\/li>\n<li>Accessoires de haute qualit\u00e9, r\u00e9alis\u00e9s en mat\u00e9riel non corrosif, parfait pour l&#8217;environnement marin.<\/li>\n<li>Sections avec dimensions r\u00e9duites, visibilit\u00e9 meilleure et luminosit\u00e9 dans l&#8217;environnement.<\/li>\n<li>Facilit\u00e9 de mouvement, gr\u00e2ce \u00e0 des chariots avec roulements \u00e0 rouleaux et aux glissi\u00e8res en polyamide anti-chocs.<\/li>\n<li>Port\u00e9es \u00e9l\u00e9v\u00e9es<\/li>\n<li>Confort acoustique et bonne consommation d&#8217;\u00e9nergie avec profil\u00e9s \u00e0 coupure thermique, produits en conformit\u00e9 avec le d\u00e9cret l\u00e9gislatif n\u00b0 311 du 2006.<\/li>\n<li>Design particulier, \u00e9tudi\u00e9 pour donner une image positive afin de qualifier le produit et l&#8217;exposant<\/li>\n<li>Syst\u00e8me levant coulissant pour grandes mises en miroir avec le maximum des prestations \u00e0 port\u00e9es \u00e9l\u00e9v\u00e9es.<\/li>\n<\/ul>\n<p>[\/vc_column_text][\/vc_column][\/vc_row][vc_row full_width=&#8221;stretch_row&#8221; css=&#8221;.vc_custom_1488446451420{margin-top: 0px !important;margin-bottom: 0px !important;padding-top: 15px !important;padding-bottom: 80px !important;background-color: #be1e2d !important;}&#8221;][vc_column][vc_row_inner css=&#8221;.vc_custom_1466518526780{margin-bottom: 0px !important;padding-top: 10px !important;padding-bottom: 35px !important;}&#8221;][vc_column_inner][vc_custom_heading text=&#8221;DEMANDER UN DEVIS&#8221; font_container=&#8221;tag:h1|font_size:36px|text_align:center|color:%23ffffff|line_height:30px&#8221; google_fonts=&#8221;font_family:Raleway%3A100%2C200%2C300%2Cregular%2C500%2C600%2C700%2C800%2C900|font_style:700%20bold%20regular%3A700%3Anormal&#8221;][\/vc_column_inner][\/vc_row_inner]\n<div class=\"wpcf7 no-js\" id=\"wpcf7-f7556-o1\" lang=\"it-IT\" dir=\"ltr\" data-wpcf7-id=\"7556\">\n<div class=\"screen-reader-response\"><p role=\"status\" aria-live=\"polite\" aria-atomic=\"true\"><\/p> <ul><\/ul><\/div>\n<form action=\"\/fr\/wp-json\/wp\/v2\/pages\/7404#wpcf7-f7556-o1\" method=\"post\" class=\"wpcf7-form init\" aria-label=\"Contact form\" novalidate=\"novalidate\" data-status=\"init\">\n<fieldset class=\"hidden-fields-container\"><input type=\"hidden\" name=\"_wpcf7\" value=\"7556\" \/><input type=\"hidden\" name=\"_wpcf7_version\" value=\"6.1.5\" \/><input type=\"hidden\" name=\"_wpcf7_locale\" value=\"it_IT\" \/><input type=\"hidden\" name=\"_wpcf7_unit_tag\" value=\"wpcf7-f7556-o1\" \/><input type=\"hidden\" name=\"_wpcf7_container_post\" value=\"0\" \/><input type=\"hidden\" name=\"_wpcf7_posted_data_hash\" value=\"\" \/><input type=\"hidden\" name=\"_wpcf7_recaptcha_response\" value=\"\" \/>\n<\/fieldset>\n<div class=\"content\">\n\t<div class=\"vc_col-md-4 first_set_inputs\">\n\t\t<p><span>Ecrivez votre nom:<\/span><br \/>\n<span class=\"wpcf7-form-control-wrap\" data-name=\"nome\"><input size=\"40\" maxlength=\"400\" class=\"wpcf7-form-control wpcf7-text wpcf7-validates-as-required input__field input__field--shoko\" aria-required=\"true\" aria-invalid=\"false\" value=\"\" type=\"text\" name=\"nome\" \/><\/span><label for=\"input-4\" class=\"input__label input__label--shoko\"><br \/>\n<span>Ecrivez votre adresse email:<\/span><br \/>\n<span class=\"wpcf7-form-control-wrap\" data-name=\"email\"><input size=\"40\" maxlength=\"400\" class=\"wpcf7-form-control wpcf7-email wpcf7-validates-as-required wpcf7-text wpcf7-validates-as-email input__field input__field--shoko\" aria-required=\"true\" aria-invalid=\"false\" value=\"\" type=\"email\" name=\"email\" \/><\/span><br \/>\n<span>Ecrivez votre num\u00e9ro:<\/span><br \/>\n<span class=\"wpcf7-form-control-wrap\" data-name=\"tel\"><input size=\"40\" maxlength=\"400\" class=\"wpcf7-form-control wpcf7-text input__field input__field--shoko\" aria-invalid=\"false\" value=\"\" type=\"text\" name=\"tel\" \/><\/span><br \/>\n<\/label>\n\t\t<\/p>\n\t<\/div>\n\t<div class=\"vc_col-md-8 second_set_inputs\">\n\t\t<p><span>Ecrivez votre message:<\/span><br \/>\n<span class=\"wpcf7-form-control-wrap\" data-name=\"messaggio\"><textarea cols=\"40\" rows=\"10\" maxlength=\"2000\" class=\"wpcf7-form-control wpcf7-textarea wpcf7-validates-as-required input__field input__field--shoko\" aria-required=\"true\" aria-invalid=\"false\" name=\"messaggio\"><\/textarea><\/span>\n\t\t<\/p>\n\t<\/div>\n\t<div class=\"vc_col-md-3 contact_button text-center\">\n\n <!-- <button class=\"submit-contact-button button form-control\" name=\"contact_me\">SEND<span class=\"cf-progress\">progress<\/span><\/button> -->\n\t\t<p><button name=\"contact_me\" class=\"vc_general vc_btn3 vc_btn3-size-lg vc_btn3-shape-square vc_btn3-style-outline-custom\" style=\"border-color: rgb(255, 255, 255); color: rgb(255, 255, 255); background-color: transparent;\" onmouseenter=\"this.style.borderColor='#ffffff'; this.style.backgroundColor='#ffffff'; this.style.color='#ffffff';\" onmouseleave=\"this.style.borderColor='#ffffff'; this.style.backgroundColor='transparent'; this.style.color='#ffffff'\">Envoyer<i class=\"vc_btn3-icon vc_li vc_li-paperplane\"><\/i><\/button>\n\t\t<\/p>\n\t<\/div>\n<\/div><div class=\"wpcf7-response-output\" aria-hidden=\"true\"><\/div>\n<\/form>\n<\/div>\n[\/vc_column][\/vc_row]<\/p>\n","protected":false},"excerpt":{"rendered":"<p>[vc_row][vc_column][vc_custom_heading text=&#8221;Portes coulissantes en aluminium&#8221; font_container=&#8221;tag:h1|text_align:left&#8221; use_theme_fonts=&#8221;yes&#8221;][vc_row_inner][vc_column_inner width=&#8221;1\/2&#8243;][vc_single_image image=&#8221;6813&#8243; img_size=&#8221;full&#8221;][\/vc_column_inner][vc_column_inner width=&#8221;1\/2&#8243;][vc_column_text]Choisir et proposer un syst\u00e8me coulissant Alupoint veut dire s&#8217;orienter vers un style de vie plus contemporain et confortable. Les syst\u00e8mes coulissants Alupoint contiennent toute la technologie et le design n\u00e9cessaires \u00e0 un designer pour valoriser les propositions pour l&#8217;int\u00e9rieur et l&#8217;ext\u00e9rieur: grandes lumi\u00e8res, design [&hellip;]<\/p>\n","protected":false},"author":1,"featured_media":0,"parent":7384,"menu_order":0,"comment_status":"closed","ping_status":"closed","template":"","meta":{"footnotes":""},"class_list":["post-7404","page","type-page","status-publish","hentry"],"yoast_head":"<!-- This site is optimized with the Yoast SEO plugin v27.1.1 - https:\/\/yoast.com\/product\/yoast-seo-wordpress\/ -->\n<title>Portes coulissantes en aluminium - Alupoint<\/title>\n<meta name=\"robots\" content=\"index, follow, max-snippet:-1, max-image-preview:large, max-video-preview:-1\" \/>\n<link rel=\"canonical\" href=\"https:\/\/www.alupoint.it\/fr\/menuiseries\/portes-coulissantes-en-aluminium\/\" \/>\n<meta property=\"og:locale\" content=\"fr_FR\" \/>\n<meta property=\"og:type\" content=\"article\" \/>\n<meta property=\"og:title\" content=\"Portes coulissantes en aluminium - Alupoint\" \/>\n<meta property=\"og:description\" content=\"[vc_row][vc_column][vc_custom_heading text=&#8221;Portes coulissantes en aluminium&#8221; font_container=&#8221;tag:h1|text_align:left&#8221; use_theme_fonts=&#8221;yes&#8221;][vc_row_inner][vc_column_inner width=&#8221;1\/2&#8243;][vc_single_image image=&#8221;6813&#8243; img_size=&#8221;full&#8221;][\/vc_column_inner][vc_column_inner width=&#8221;1\/2&#8243;][vc_column_text]Choisir et proposer un syst\u00e8me coulissant Alupoint veut dire s&#8217;orienter vers un style de vie plus contemporain et confortable. Les syst\u00e8mes coulissants Alupoint contiennent toute la technologie et le design n\u00e9cessaires \u00e0 un designer pour valoriser les propositions pour l&#8217;int\u00e9rieur et l&#8217;ext\u00e9rieur: grandes lumi\u00e8res, design [&hellip;]\" \/>\n<meta property=\"og:url\" content=\"https:\/\/www.alupoint.it\/fr\/menuiseries\/portes-coulissantes-en-aluminium\/\" \/>\n<meta property=\"og:site_name\" content=\"Alupoint\" \/>\n<meta property=\"article:modified_time\" content=\"2017-04-27T13:42:47+00:00\" \/>\n<meta name=\"twitter:card\" content=\"summary_large_image\" \/>\n<meta name=\"twitter:label1\" content=\"Est. reading time\" \/>\n\t<meta name=\"twitter:data1\" content=\"3 minutes\" \/>\n<script type=\"application\/ld+json\" class=\"yoast-schema-graph\">{\"@context\":\"https:\/\/schema.org\",\"@graph\":[{\"@type\":\"WebPage\",\"@id\":\"https:\/\/www.alupoint.it\/fr\/menuiseries\/portes-coulissantes-en-aluminium\/\",\"url\":\"https:\/\/www.alupoint.it\/fr\/menuiseries\/portes-coulissantes-en-aluminium\/\",\"name\":\"Portes coulissantes en aluminium - Alupoint\",\"isPartOf\":{\"@id\":\"https:\/\/www.alupoint.it\/#website\"},\"datePublished\":\"2017-03-02T14:02:33+00:00\",\"dateModified\":\"2017-04-27T13:42:47+00:00\",\"breadcrumb\":{\"@id\":\"https:\/\/www.alupoint.it\/fr\/menuiseries\/portes-coulissantes-en-aluminium\/#breadcrumb\"},\"inLanguage\":\"fr-FR\",\"potentialAction\":[{\"@type\":\"ReadAction\",\"target\":[\"https:\/\/www.alupoint.it\/fr\/menuiseries\/portes-coulissantes-en-aluminium\/\"]}]},{\"@type\":\"BreadcrumbList\",\"@id\":\"https:\/\/www.alupoint.it\/fr\/menuiseries\/portes-coulissantes-en-aluminium\/#breadcrumb\",\"itemListElement\":[{\"@type\":\"ListItem\",\"position\":1,\"name\":\"Home\",\"item\":\"https:\/\/www.alupoint.it\/fr\/\"},{\"@type\":\"ListItem\",\"position\":2,\"name\":\"Menuiseries\",\"item\":\"https:\/\/www.alupoint.it\/fr\/menuiseries\/\"},{\"@type\":\"ListItem\",\"position\":3,\"name\":\"Portes coulissantes en aluminium\"}]},{\"@type\":\"WebSite\",\"@id\":\"https:\/\/www.alupoint.it\/#website\",\"url\":\"https:\/\/www.alupoint.it\/\",\"name\":\"Alupoint\",\"description\":\"Serramenti e Infissi in Alluminio\",\"publisher\":{\"@id\":\"https:\/\/www.alupoint.it\/#organization\"},\"potentialAction\":[{\"@type\":\"SearchAction\",\"target\":{\"@type\":\"EntryPoint\",\"urlTemplate\":\"https:\/\/www.alupoint.it\/?s={search_term_string}\"},\"query-input\":{\"@type\":\"PropertyValueSpecification\",\"valueRequired\":true,\"valueName\":\"search_term_string\"}}],\"inLanguage\":\"fr-FR\"},{\"@type\":\"Organization\",\"@id\":\"https:\/\/www.alupoint.it\/#organization\",\"name\":\"Alupoint di Pazzini Massimo e C. S.A.S\",\"url\":\"https:\/\/www.alupoint.it\/\",\"logo\":{\"@type\":\"ImageObject\",\"inLanguage\":\"fr-FR\",\"@id\":\"https:\/\/www.alupoint.it\/#\/schema\/logo\/image\/\",\"url\":\"https:\/\/www.alupoint.it\/wp-content\/uploads\/2017\/03\/logo-header-alupoint.jpg\",\"contentUrl\":\"https:\/\/www.alupoint.it\/wp-content\/uploads\/2017\/03\/logo-header-alupoint.jpg\",\"width\":300,\"height\":117,\"caption\":\"Alupoint di Pazzini Massimo e C. S.A.S\"},\"image\":{\"@id\":\"https:\/\/www.alupoint.it\/#\/schema\/logo\/image\/\"}}]}<\/script>\n<!-- \/ Yoast SEO plugin. -->","yoast_head_json":{"title":"Portes coulissantes en aluminium - Alupoint","robots":{"index":"index","follow":"follow","max-snippet":"max-snippet:-1","max-image-preview":"max-image-preview:large","max-video-preview":"max-video-preview:-1"},"canonical":"https:\/\/www.alupoint.it\/fr\/menuiseries\/portes-coulissantes-en-aluminium\/","og_locale":"fr_FR","og_type":"article","og_title":"Portes coulissantes en aluminium - Alupoint","og_description":"[vc_row][vc_column][vc_custom_heading text=&#8221;Portes coulissantes en aluminium&#8221; font_container=&#8221;tag:h1|text_align:left&#8221; use_theme_fonts=&#8221;yes&#8221;][vc_row_inner][vc_column_inner width=&#8221;1\/2&#8243;][vc_single_image image=&#8221;6813&#8243; img_size=&#8221;full&#8221;][\/vc_column_inner][vc_column_inner width=&#8221;1\/2&#8243;][vc_column_text]Choisir et proposer un syst\u00e8me coulissant Alupoint veut dire s&#8217;orienter vers un style de vie plus contemporain et confortable. Les syst\u00e8mes coulissants Alupoint contiennent toute la technologie et le design n\u00e9cessaires \u00e0 un designer pour valoriser les propositions pour l&#8217;int\u00e9rieur et l&#8217;ext\u00e9rieur: grandes lumi\u00e8res, design [&hellip;]","og_url":"https:\/\/www.alupoint.it\/fr\/menuiseries\/portes-coulissantes-en-aluminium\/","og_site_name":"Alupoint","article_modified_time":"2017-04-27T13:42:47+00:00","twitter_card":"summary_large_image","twitter_misc":{"Est. reading time":"3 minutes"},"schema":{"@context":"https:\/\/schema.org","@graph":[{"@type":"WebPage","@id":"https:\/\/www.alupoint.it\/fr\/menuiseries\/portes-coulissantes-en-aluminium\/","url":"https:\/\/www.alupoint.it\/fr\/menuiseries\/portes-coulissantes-en-aluminium\/","name":"Portes coulissantes en aluminium - Alupoint","isPartOf":{"@id":"https:\/\/www.alupoint.it\/#website"},"datePublished":"2017-03-02T14:02:33+00:00","dateModified":"2017-04-27T13:42:47+00:00","breadcrumb":{"@id":"https:\/\/www.alupoint.it\/fr\/menuiseries\/portes-coulissantes-en-aluminium\/#breadcrumb"},"inLanguage":"fr-FR","potentialAction":[{"@type":"ReadAction","target":["https:\/\/www.alupoint.it\/fr\/menuiseries\/portes-coulissantes-en-aluminium\/"]}]},{"@type":"BreadcrumbList","@id":"https:\/\/www.alupoint.it\/fr\/menuiseries\/portes-coulissantes-en-aluminium\/#breadcrumb","itemListElement":[{"@type":"ListItem","position":1,"name":"Home","item":"https:\/\/www.alupoint.it\/fr\/"},{"@type":"ListItem","position":2,"name":"Menuiseries","item":"https:\/\/www.alupoint.it\/fr\/menuiseries\/"},{"@type":"ListItem","position":3,"name":"Portes coulissantes en aluminium"}]},{"@type":"WebSite","@id":"https:\/\/www.alupoint.it\/#website","url":"https:\/\/www.alupoint.it\/","name":"Alupoint","description":"Serramenti e Infissi in Alluminio","publisher":{"@id":"https:\/\/www.alupoint.it\/#organization"},"potentialAction":[{"@type":"SearchAction","target":{"@type":"EntryPoint","urlTemplate":"https:\/\/www.alupoint.it\/?s={search_term_string}"},"query-input":{"@type":"PropertyValueSpecification","valueRequired":true,"valueName":"search_term_string"}}],"inLanguage":"fr-FR"},{"@type":"Organization","@id":"https:\/\/www.alupoint.it\/#organization","name":"Alupoint di Pazzini Massimo e C. S.A.S","url":"https:\/\/www.alupoint.it\/","logo":{"@type":"ImageObject","inLanguage":"fr-FR","@id":"https:\/\/www.alupoint.it\/#\/schema\/logo\/image\/","url":"https:\/\/www.alupoint.it\/wp-content\/uploads\/2017\/03\/logo-header-alupoint.jpg","contentUrl":"https:\/\/www.alupoint.it\/wp-content\/uploads\/2017\/03\/logo-header-alupoint.jpg","width":300,"height":117,"caption":"Alupoint di Pazzini Massimo e C. S.A.S"},"image":{"@id":"https:\/\/www.alupoint.it\/#\/schema\/logo\/image\/"}}]}},"_links":{"self":[{"href":"https:\/\/www.alupoint.it\/fr\/wp-json\/wp\/v2\/pages\/7404","targetHints":{"allow":["GET"]}}],"collection":[{"href":"https:\/\/www.alupoint.it\/fr\/wp-json\/wp\/v2\/pages"}],"about":[{"href":"https:\/\/www.alupoint.it\/fr\/wp-json\/wp\/v2\/types\/page"}],"author":[{"embeddable":true,"href":"https:\/\/www.alupoint.it\/fr\/wp-json\/wp\/v2\/users\/1"}],"replies":[{"embeddable":true,"href":"https:\/\/www.alupoint.it\/fr\/wp-json\/wp\/v2\/comments?post=7404"}],"version-history":[{"count":3,"href":"https:\/\/www.alupoint.it\/fr\/wp-json\/wp\/v2\/pages\/7404\/revisions"}],"predecessor-version":[{"id":7646,"href":"https:\/\/www.alupoint.it\/fr\/wp-json\/wp\/v2\/pages\/7404\/revisions\/7646"}],"up":[{"embeddable":true,"href":"https:\/\/www.alupoint.it\/fr\/wp-json\/wp\/v2\/pages\/7384"}],"wp:attachment":[{"href":"https:\/\/www.alupoint.it\/fr\/wp-json\/wp\/v2\/media?parent=7404"}],"curies":[{"name":"wp","href":"https:\/\/api.w.org\/{rel}","templated":true}]}}