{"id":7416,"date":"2017-03-02T15:03:59","date_gmt":"2017-03-02T14:03:59","guid":{"rendered":"https:\/\/www.alupoint.it\/fr\/menuiseries\/balaustre-in-vetro\/"},"modified":"2017-04-28T10:38:21","modified_gmt":"2017-04-28T08:38:21","slug":"balustrades-en-vitre","status":"publish","type":"page","link":"https:\/\/www.alupoint.it\/fr\/menuiseries\/balustrades-en-vitre\/","title":{"rendered":"Balustrades en vitre"},"content":{"rendered":"<p>[vc_row][vc_column][vc_custom_heading text=&#8221;Balustrades en vitre&#8221; font_container=&#8221;tag:h1|text_align:left&#8221; use_theme_fonts=&#8221;yes&#8221;][vc_row_inner][vc_column_inner width=&#8221;1\/2&#8243;][vc_single_image image=&#8221;7341&#8243; img_size=&#8221;full&#8221;][\/vc_column_inner][vc_column_inner width=&#8221;1\/2&#8243;][vc_column_text]N\u00e9cessit\u00e9, dur\u00e9e et s\u00e9curit\u00e9. Le syst\u00e8me pour Balcons Th\u00e9atron a \u00e9t\u00e9 r\u00e9alis\u00e9 pour compl\u00e9ter la gamme des chassis Alupoint.<\/p>\n<p>Th\u00e9atron pr\u00e9voit un ample chois de mod\u00e8les et de solutions \u00e0 adapter aux exigences du projet. Le choix des couleurs est pratiquement illimit\u00e9.<\/p>\n<p>Le syst\u00e8me peut \u00eatre appliqu\u00e9 \u00e0 diff\u00e9rents contextes architectoniques (int\u00e9rieurs et ext\u00e9rieurs), comme les balcons, parapets, terrasses, couloirs, escaliers, etc. Dans tous les cas, ce syst\u00e8me garantit la dur\u00e9e, la r\u00e9sistances et l&#8217;inalt\u00e9rabilit\u00e9 aux intemp\u00e9ries.<\/p>\n<p>Toutes les composantes sont tir\u00e9es de profil\u00e9s en aluminum extrud\u00e9 par une anodisation et une peinture parfaites, sans bavures.<\/p>\n<p>L&#8217;ampleur de la gamme Th\u00e9atron satisfait les exigences esth\u00e9tiques les plus vari\u00e9es.<br \/>\n[\/vc_column_text][\/vc_column_inner][\/vc_row_inner][\/vc_column][\/vc_row][vc_row][vc_column width=&#8221;1\/3&#8243;][vc_custom_heading text=&#8221;Avantages&#8221; use_theme_fonts=&#8221;yes&#8221;][vc_column_text]<\/p>\n<ul>\n<li>Inalt\u00e9rabilit\u00e9 et dur\u00e9e dans le temps<\/li>\n<li>Semplicit\u00e9 de r\u00e9alisation, de mise en \u0153uvre et entretien<\/li>\n<li>Efficacit\u00e9 et s\u00e9curit\u00e9<\/li>\n<li>Main courante avec prise facile, agr\u00e9able et s\u00e9curis\u00e9e<\/li>\n<li>Certifications selon les normatives en vigueur<\/li>\n<li>Choix des couleurs illimit\u00e9<\/li>\n<\/ul>\n<p>[\/vc_column_text][\/vc_column][vc_column width=&#8221;1\/3&#8243;][vc_custom_heading text=&#8221;Caract\u00e9ristiques&#8221; use_theme_fonts=&#8221;yes&#8221;][vc_column_text]<\/p>\n<ul>\n<li>Hauteur maximale du parapet 1200 mm<\/li>\n<li>Semplicit\u00e9 dans la transformation des prifil\u00e9s<\/li>\n<li>Bloquage des accessoires par graines de croissance ou vis de contraste en acier inoxydable<\/li>\n<\/ul>\n<p><strong>Lignes avec montants:<\/strong><\/p>\n<ul>\n<li>Entraxe maximale entre montants 1800 mm avec s\u00fbrcharge Hk 100 (1 kN\/m) &#8211; Usage priv\u00e9<\/li>\n<li>Entraxe maximale entre montants 950 mm avec s\u00fbrcharge Hk 200 (2 kN\/m) &#8211; Usage public<\/li>\n<li>Possibilit\u00e9 d&#8217;ancrage sur plans et rampes gr\u00e2ce \u00e0 l&#8217;utilisation de supports pour le fixage sup\u00e9rieur ou frontal au grenier<\/li>\n<\/ul>\n<p><strong>Ligne Glass:<\/strong><\/p>\n<ul>\n<li>Module vitre max 3000 mm<\/li>\n<li>Composition vitre pour s\u00fbrcharge Hk 100 et Hk 200<\/li>\n<li>Ancrage sur plans et rampes gr\u00e2ce \u00e0 l&#8217;utilisation des possibilit\u00e9s de fixage sup\u00e9rieur ou frontal au grenier<\/li>\n<\/ul>\n<p>Certificats de conformit\u00e9 et de v\u00e9rification. Organisme de certification: Istituto Giordano S.p.A. R\u00e9sistance aux chocs selon la norme UNI EN 14019:2004.[\/vc_column_text][\/vc_column][vc_column width=&#8221;1\/3&#8243;][vc_custom_heading text=&#8221;Applications &#8221; use_theme_fonts=&#8221;yes&#8221;][vc_column_text]<\/p>\n<ul>\n<li>Balcons<\/li>\n<li>Terrasses<\/li>\n<li>Echelles ou rampes soit \u00e0 l&#8217;ext\u00e9rieur soit \u00e0 l&#8217;int\u00e9rieur, dans des environnements soit publics soit priv\u00e9s<\/li>\n<\/ul>\n<p>[\/vc_column_text][\/vc_column][\/vc_row][vc_row full_width=&#8221;stretch_row&#8221; css=&#8221;.vc_custom_1488446451420{margin-top: 0px !important;margin-bottom: 0px !important;padding-top: 15px !important;padding-bottom: 80px !important;background-color: #be1e2d !important;}&#8221;][vc_column][vc_row_inner css=&#8221;.vc_custom_1466518526780{margin-bottom: 0px !important;padding-top: 10px !important;padding-bottom: 35px !important;}&#8221;][vc_column_inner][vc_custom_heading text=&#8221;DEMANDER UN DEVIS&#8221; font_container=&#8221;tag:h1|font_size:36px|text_align:center|color:%23ffffff|line_height:30px&#8221; google_fonts=&#8221;font_family:Raleway%3A100%2C200%2C300%2Cregular%2C500%2C600%2C700%2C800%2C900|font_style:700%20bold%20regular%3A700%3Anormal&#8221;]\n<div class=\"wpcf7 no-js\" id=\"wpcf7-f7556-o1\" lang=\"it-IT\" dir=\"ltr\" data-wpcf7-id=\"7556\">\n<div class=\"screen-reader-response\"><p role=\"status\" aria-live=\"polite\" aria-atomic=\"true\"><\/p> <ul><\/ul><\/div>\n<form action=\"\/fr\/wp-json\/wp\/v2\/pages\/7416#wpcf7-f7556-o1\" method=\"post\" class=\"wpcf7-form init\" aria-label=\"Contact form\" novalidate=\"novalidate\" data-status=\"init\">\n<fieldset class=\"hidden-fields-container\"><input type=\"hidden\" name=\"_wpcf7\" value=\"7556\" \/><input type=\"hidden\" name=\"_wpcf7_version\" value=\"6.1.5\" \/><input type=\"hidden\" name=\"_wpcf7_locale\" value=\"it_IT\" \/><input type=\"hidden\" name=\"_wpcf7_unit_tag\" value=\"wpcf7-f7556-o1\" \/><input type=\"hidden\" name=\"_wpcf7_container_post\" value=\"0\" \/><input type=\"hidden\" name=\"_wpcf7_posted_data_hash\" value=\"\" \/><input type=\"hidden\" name=\"_wpcf7_recaptcha_response\" value=\"\" \/>\n<\/fieldset>\n<div class=\"content\">\n\t<div class=\"vc_col-md-4 first_set_inputs\">\n\t\t<p><span>Ecrivez votre nom:<\/span><br \/>\n<span class=\"wpcf7-form-control-wrap\" data-name=\"nome\"><input size=\"40\" maxlength=\"400\" class=\"wpcf7-form-control wpcf7-text wpcf7-validates-as-required input__field input__field--shoko\" aria-required=\"true\" aria-invalid=\"false\" value=\"\" type=\"text\" name=\"nome\" \/><\/span><label for=\"input-4\" class=\"input__label input__label--shoko\"><br \/>\n<span>Ecrivez votre adresse email:<\/span><br \/>\n<span class=\"wpcf7-form-control-wrap\" data-name=\"email\"><input size=\"40\" maxlength=\"400\" class=\"wpcf7-form-control wpcf7-email wpcf7-validates-as-required wpcf7-text wpcf7-validates-as-email input__field input__field--shoko\" aria-required=\"true\" aria-invalid=\"false\" value=\"\" type=\"email\" name=\"email\" \/><\/span><br \/>\n<span>Ecrivez votre num\u00e9ro:<\/span><br \/>\n<span class=\"wpcf7-form-control-wrap\" data-name=\"tel\"><input size=\"40\" maxlength=\"400\" class=\"wpcf7-form-control wpcf7-text input__field input__field--shoko\" aria-invalid=\"false\" value=\"\" type=\"text\" name=\"tel\" \/><\/span><br \/>\n<\/label>\n\t\t<\/p>\n\t<\/div>\n\t<div class=\"vc_col-md-8 second_set_inputs\">\n\t\t<p><span>Ecrivez votre message:<\/span><br \/>\n<span class=\"wpcf7-form-control-wrap\" data-name=\"messaggio\"><textarea cols=\"40\" rows=\"10\" maxlength=\"2000\" class=\"wpcf7-form-control wpcf7-textarea wpcf7-validates-as-required input__field input__field--shoko\" aria-required=\"true\" aria-invalid=\"false\" name=\"messaggio\"><\/textarea><\/span>\n\t\t<\/p>\n\t<\/div>\n\t<div class=\"vc_col-md-3 contact_button text-center\">\n\n <!-- <button class=\"submit-contact-button button form-control\" name=\"contact_me\">SEND<span class=\"cf-progress\">progress<\/span><\/button> -->\n\t\t<p><button name=\"contact_me\" class=\"vc_general vc_btn3 vc_btn3-size-lg vc_btn3-shape-square vc_btn3-style-outline-custom\" style=\"border-color: rgb(255, 255, 255); color: rgb(255, 255, 255); background-color: transparent;\" onmouseenter=\"this.style.borderColor='#ffffff'; this.style.backgroundColor='#ffffff'; this.style.color='#ffffff';\" onmouseleave=\"this.style.borderColor='#ffffff'; this.style.backgroundColor='transparent'; this.style.color='#ffffff'\">Envoyer<i class=\"vc_btn3-icon vc_li vc_li-paperplane\"><\/i><\/button>\n\t\t<\/p>\n\t<\/div>\n<\/div><div class=\"wpcf7-response-output\" aria-hidden=\"true\"><\/div>\n<\/form>\n<\/div>\n[\/vc_column_inner][\/vc_row_inner][\/vc_column][\/vc_row]<\/p>\n","protected":false},"excerpt":{"rendered":"<p>[vc_row][vc_column][vc_custom_heading text=&#8221;Balustrades en vitre&#8221; font_container=&#8221;tag:h1|text_align:left&#8221; use_theme_fonts=&#8221;yes&#8221;][vc_row_inner][vc_column_inner width=&#8221;1\/2&#8243;][vc_single_image image=&#8221;7341&#8243; img_size=&#8221;full&#8221;][\/vc_column_inner][vc_column_inner width=&#8221;1\/2&#8243;][vc_column_text]N\u00e9cessit\u00e9, dur\u00e9e et s\u00e9curit\u00e9. Le syst\u00e8me pour Balcons Th\u00e9atron a \u00e9t\u00e9 r\u00e9alis\u00e9 pour compl\u00e9ter la gamme des chassis Alupoint. Th\u00e9atron pr\u00e9voit un ample chois de mod\u00e8les et de solutions \u00e0 adapter aux exigences du projet. Le choix des couleurs est pratiquement illimit\u00e9. Le syst\u00e8me peut \u00eatre [&hellip;]<\/p>\n","protected":false},"author":1,"featured_media":0,"parent":7384,"menu_order":0,"comment_status":"closed","ping_status":"closed","template":"","meta":{"footnotes":""},"class_list":["post-7416","page","type-page","status-publish","hentry"],"yoast_head":"<!-- This site is optimized with the Yoast SEO plugin v27.1.1 - https:\/\/yoast.com\/product\/yoast-seo-wordpress\/ -->\n<title>Balustrades en vitre - Alupoint<\/title>\n<meta name=\"robots\" content=\"index, follow, max-snippet:-1, max-image-preview:large, max-video-preview:-1\" \/>\n<link rel=\"canonical\" href=\"https:\/\/www.alupoint.it\/fr\/menuiseries\/balustrades-en-vitre\/\" \/>\n<meta property=\"og:locale\" content=\"fr_FR\" \/>\n<meta property=\"og:type\" content=\"article\" \/>\n<meta property=\"og:title\" content=\"Balustrades en vitre - Alupoint\" \/>\n<meta property=\"og:description\" content=\"[vc_row][vc_column][vc_custom_heading text=&#8221;Balustrades en vitre&#8221; font_container=&#8221;tag:h1|text_align:left&#8221; use_theme_fonts=&#8221;yes&#8221;][vc_row_inner][vc_column_inner width=&#8221;1\/2&#8243;][vc_single_image image=&#8221;7341&#8243; img_size=&#8221;full&#8221;][\/vc_column_inner][vc_column_inner width=&#8221;1\/2&#8243;][vc_column_text]N\u00e9cessit\u00e9, dur\u00e9e et s\u00e9curit\u00e9. Le syst\u00e8me pour Balcons Th\u00e9atron a \u00e9t\u00e9 r\u00e9alis\u00e9 pour compl\u00e9ter la gamme des chassis Alupoint. Th\u00e9atron pr\u00e9voit un ample chois de mod\u00e8les et de solutions \u00e0 adapter aux exigences du projet. Le choix des couleurs est pratiquement illimit\u00e9. Le syst\u00e8me peut \u00eatre [&hellip;]\" \/>\n<meta property=\"og:url\" content=\"https:\/\/www.alupoint.it\/fr\/menuiseries\/balustrades-en-vitre\/\" \/>\n<meta property=\"og:site_name\" content=\"Alupoint\" \/>\n<meta property=\"article:modified_time\" content=\"2017-04-28T08:38:21+00:00\" \/>\n<meta name=\"twitter:card\" content=\"summary_large_image\" \/>\n<meta name=\"twitter:label1\" content=\"Est. reading time\" \/>\n\t<meta name=\"twitter:data1\" content=\"3 minutes\" \/>\n<script type=\"application\/ld+json\" class=\"yoast-schema-graph\">{\"@context\":\"https:\/\/schema.org\",\"@graph\":[{\"@type\":\"WebPage\",\"@id\":\"https:\/\/www.alupoint.it\/fr\/menuiseries\/balustrades-en-vitre\/\",\"url\":\"https:\/\/www.alupoint.it\/fr\/menuiseries\/balustrades-en-vitre\/\",\"name\":\"Balustrades en vitre - Alupoint\",\"isPartOf\":{\"@id\":\"https:\/\/www.alupoint.it\/#website\"},\"datePublished\":\"2017-03-02T14:03:59+00:00\",\"dateModified\":\"2017-04-28T08:38:21+00:00\",\"breadcrumb\":{\"@id\":\"https:\/\/www.alupoint.it\/fr\/menuiseries\/balustrades-en-vitre\/#breadcrumb\"},\"inLanguage\":\"fr-FR\",\"potentialAction\":[{\"@type\":\"ReadAction\",\"target\":[\"https:\/\/www.alupoint.it\/fr\/menuiseries\/balustrades-en-vitre\/\"]}]},{\"@type\":\"BreadcrumbList\",\"@id\":\"https:\/\/www.alupoint.it\/fr\/menuiseries\/balustrades-en-vitre\/#breadcrumb\",\"itemListElement\":[{\"@type\":\"ListItem\",\"position\":1,\"name\":\"Home\",\"item\":\"https:\/\/www.alupoint.it\/fr\/\"},{\"@type\":\"ListItem\",\"position\":2,\"name\":\"Menuiseries\",\"item\":\"https:\/\/www.alupoint.it\/fr\/menuiseries\/\"},{\"@type\":\"ListItem\",\"position\":3,\"name\":\"Balustrades en vitre\"}]},{\"@type\":\"WebSite\",\"@id\":\"https:\/\/www.alupoint.it\/#website\",\"url\":\"https:\/\/www.alupoint.it\/\",\"name\":\"Alupoint\",\"description\":\"Serramenti e Infissi in Alluminio\",\"publisher\":{\"@id\":\"https:\/\/www.alupoint.it\/#organization\"},\"potentialAction\":[{\"@type\":\"SearchAction\",\"target\":{\"@type\":\"EntryPoint\",\"urlTemplate\":\"https:\/\/www.alupoint.it\/?s={search_term_string}\"},\"query-input\":{\"@type\":\"PropertyValueSpecification\",\"valueRequired\":true,\"valueName\":\"search_term_string\"}}],\"inLanguage\":\"fr-FR\"},{\"@type\":\"Organization\",\"@id\":\"https:\/\/www.alupoint.it\/#organization\",\"name\":\"Alupoint di Pazzini Massimo e C. S.A.S\",\"url\":\"https:\/\/www.alupoint.it\/\",\"logo\":{\"@type\":\"ImageObject\",\"inLanguage\":\"fr-FR\",\"@id\":\"https:\/\/www.alupoint.it\/#\/schema\/logo\/image\/\",\"url\":\"https:\/\/www.alupoint.it\/wp-content\/uploads\/2017\/03\/logo-header-alupoint.jpg\",\"contentUrl\":\"https:\/\/www.alupoint.it\/wp-content\/uploads\/2017\/03\/logo-header-alupoint.jpg\",\"width\":300,\"height\":117,\"caption\":\"Alupoint di Pazzini Massimo e C. S.A.S\"},\"image\":{\"@id\":\"https:\/\/www.alupoint.it\/#\/schema\/logo\/image\/\"}}]}<\/script>\n<!-- \/ Yoast SEO plugin. -->","yoast_head_json":{"title":"Balustrades en vitre - Alupoint","robots":{"index":"index","follow":"follow","max-snippet":"max-snippet:-1","max-image-preview":"max-image-preview:large","max-video-preview":"max-video-preview:-1"},"canonical":"https:\/\/www.alupoint.it\/fr\/menuiseries\/balustrades-en-vitre\/","og_locale":"fr_FR","og_type":"article","og_title":"Balustrades en vitre - Alupoint","og_description":"[vc_row][vc_column][vc_custom_heading text=&#8221;Balustrades en vitre&#8221; font_container=&#8221;tag:h1|text_align:left&#8221; use_theme_fonts=&#8221;yes&#8221;][vc_row_inner][vc_column_inner width=&#8221;1\/2&#8243;][vc_single_image image=&#8221;7341&#8243; img_size=&#8221;full&#8221;][\/vc_column_inner][vc_column_inner width=&#8221;1\/2&#8243;][vc_column_text]N\u00e9cessit\u00e9, dur\u00e9e et s\u00e9curit\u00e9. Le syst\u00e8me pour Balcons Th\u00e9atron a \u00e9t\u00e9 r\u00e9alis\u00e9 pour compl\u00e9ter la gamme des chassis Alupoint. Th\u00e9atron pr\u00e9voit un ample chois de mod\u00e8les et de solutions \u00e0 adapter aux exigences du projet. Le choix des couleurs est pratiquement illimit\u00e9. Le syst\u00e8me peut \u00eatre [&hellip;]","og_url":"https:\/\/www.alupoint.it\/fr\/menuiseries\/balustrades-en-vitre\/","og_site_name":"Alupoint","article_modified_time":"2017-04-28T08:38:21+00:00","twitter_card":"summary_large_image","twitter_misc":{"Est. reading time":"3 minutes"},"schema":{"@context":"https:\/\/schema.org","@graph":[{"@type":"WebPage","@id":"https:\/\/www.alupoint.it\/fr\/menuiseries\/balustrades-en-vitre\/","url":"https:\/\/www.alupoint.it\/fr\/menuiseries\/balustrades-en-vitre\/","name":"Balustrades en vitre - Alupoint","isPartOf":{"@id":"https:\/\/www.alupoint.it\/#website"},"datePublished":"2017-03-02T14:03:59+00:00","dateModified":"2017-04-28T08:38:21+00:00","breadcrumb":{"@id":"https:\/\/www.alupoint.it\/fr\/menuiseries\/balustrades-en-vitre\/#breadcrumb"},"inLanguage":"fr-FR","potentialAction":[{"@type":"ReadAction","target":["https:\/\/www.alupoint.it\/fr\/menuiseries\/balustrades-en-vitre\/"]}]},{"@type":"BreadcrumbList","@id":"https:\/\/www.alupoint.it\/fr\/menuiseries\/balustrades-en-vitre\/#breadcrumb","itemListElement":[{"@type":"ListItem","position":1,"name":"Home","item":"https:\/\/www.alupoint.it\/fr\/"},{"@type":"ListItem","position":2,"name":"Menuiseries","item":"https:\/\/www.alupoint.it\/fr\/menuiseries\/"},{"@type":"ListItem","position":3,"name":"Balustrades en vitre"}]},{"@type":"WebSite","@id":"https:\/\/www.alupoint.it\/#website","url":"https:\/\/www.alupoint.it\/","name":"Alupoint","description":"Serramenti e Infissi in Alluminio","publisher":{"@id":"https:\/\/www.alupoint.it\/#organization"},"potentialAction":[{"@type":"SearchAction","target":{"@type":"EntryPoint","urlTemplate":"https:\/\/www.alupoint.it\/?s={search_term_string}"},"query-input":{"@type":"PropertyValueSpecification","valueRequired":true,"valueName":"search_term_string"}}],"inLanguage":"fr-FR"},{"@type":"Organization","@id":"https:\/\/www.alupoint.it\/#organization","name":"Alupoint di Pazzini Massimo e C. S.A.S","url":"https:\/\/www.alupoint.it\/","logo":{"@type":"ImageObject","inLanguage":"fr-FR","@id":"https:\/\/www.alupoint.it\/#\/schema\/logo\/image\/","url":"https:\/\/www.alupoint.it\/wp-content\/uploads\/2017\/03\/logo-header-alupoint.jpg","contentUrl":"https:\/\/www.alupoint.it\/wp-content\/uploads\/2017\/03\/logo-header-alupoint.jpg","width":300,"height":117,"caption":"Alupoint di Pazzini Massimo e C. S.A.S"},"image":{"@id":"https:\/\/www.alupoint.it\/#\/schema\/logo\/image\/"}}]}},"_links":{"self":[{"href":"https:\/\/www.alupoint.it\/fr\/wp-json\/wp\/v2\/pages\/7416","targetHints":{"allow":["GET"]}}],"collection":[{"href":"https:\/\/www.alupoint.it\/fr\/wp-json\/wp\/v2\/pages"}],"about":[{"href":"https:\/\/www.alupoint.it\/fr\/wp-json\/wp\/v2\/types\/page"}],"author":[{"embeddable":true,"href":"https:\/\/www.alupoint.it\/fr\/wp-json\/wp\/v2\/users\/1"}],"replies":[{"embeddable":true,"href":"https:\/\/www.alupoint.it\/fr\/wp-json\/wp\/v2\/comments?post=7416"}],"version-history":[{"count":4,"href":"https:\/\/www.alupoint.it\/fr\/wp-json\/wp\/v2\/pages\/7416\/revisions"}],"predecessor-version":[{"id":7733,"href":"https:\/\/www.alupoint.it\/fr\/wp-json\/wp\/v2\/pages\/7416\/revisions\/7733"}],"up":[{"embeddable":true,"href":"https:\/\/www.alupoint.it\/fr\/wp-json\/wp\/v2\/pages\/7384"}],"wp:attachment":[{"href":"https:\/\/www.alupoint.it\/fr\/wp-json\/wp\/v2\/media?parent=7416"}],"curies":[{"name":"wp","href":"https:\/\/api.w.org\/{rel}","templated":true}]}}