{"id":7423,"date":"2017-03-02T15:03:35","date_gmt":"2017-03-02T14:03:35","guid":{"rendered":"https:\/\/www.alupoint.it\/fr\/menuiseries\/pareti-divisorie\/"},"modified":"2017-04-28T10:31:58","modified_gmt":"2017-04-28T08:31:58","slug":"cloisons","status":"publish","type":"page","link":"https:\/\/www.alupoint.it\/fr\/menuiseries\/cloisons\/","title":{"rendered":"Cloisons"},"content":{"rendered":"<p>[vc_row][vc_column][vc_custom_heading text=&#8221;Cloisons&#8221; font_container=&#8221;tag:h1|text_align:left&#8221; use_theme_fonts=&#8221;yes&#8221;][vc_row_inner][vc_column_inner width=&#8221;1\/2&#8243;][vc_single_image image=&#8221;6741&#8243; img_size=&#8221;full&#8221;][\/vc_column_inner][vc_column_inner width=&#8221;1\/2&#8243;][vc_column_text]Nos cloisons s&#8217;int\u00e8grent parfaitement avec d&#8217;autres syst\u00e8mes d&#8217;ameublement.<\/p>\n<p>La possibilit\u00e9 de configurer des environnements avec \u00e9l\u00e9gance et technologie permet de cr\u00e9er des locaux de haut niveau.<\/p>\n<p>Un projet bas\u00e9 sur le bien-\u00eatre environnemental qui assure la personnalisation, le confort acoustique, la viabilit\u00e9 dans la relation espace\/homme.[\/vc_column_text][\/vc_column_inner][\/vc_row_inner][\/vc_column][\/vc_row][vc_row full_width=&#8221;stretch_row&#8221; css=&#8221;.vc_custom_1488446451420{margin-top: 0px !important;margin-bottom: 0px !important;padding-top: 15px !important;padding-bottom: 80px !important;background-color: #be1e2d !important;}&#8221;][vc_column][vc_row_inner css=&#8221;.vc_custom_1466518526780{margin-bottom: 0px !important;padding-top: 10px !important;padding-bottom: 35px !important;}&#8221;][vc_column_inner][vc_custom_heading text=&#8221;DEMANDER UN DEVIS &#8221; font_container=&#8221;tag:h1|font_size:36px|text_align:center|color:%23ffffff|line_height:30px&#8221; google_fonts=&#8221;font_family:Raleway%3A100%2C200%2C300%2Cregular%2C500%2C600%2C700%2C800%2C900|font_style:700%20bold%20regular%3A700%3Anormal&#8221;]\n<div class=\"wpcf7 no-js\" id=\"wpcf7-f7556-o1\" lang=\"it-IT\" dir=\"ltr\" data-wpcf7-id=\"7556\">\n<div class=\"screen-reader-response\"><p role=\"status\" aria-live=\"polite\" aria-atomic=\"true\"><\/p> <ul><\/ul><\/div>\n<form action=\"\/fr\/wp-json\/wp\/v2\/pages\/7423#wpcf7-f7556-o1\" method=\"post\" class=\"wpcf7-form init\" aria-label=\"Contact form\" novalidate=\"novalidate\" data-status=\"init\">\n<fieldset class=\"hidden-fields-container\"><input type=\"hidden\" name=\"_wpcf7\" value=\"7556\" \/><input type=\"hidden\" name=\"_wpcf7_version\" value=\"6.1.5\" \/><input type=\"hidden\" name=\"_wpcf7_locale\" value=\"it_IT\" \/><input type=\"hidden\" name=\"_wpcf7_unit_tag\" value=\"wpcf7-f7556-o1\" \/><input type=\"hidden\" name=\"_wpcf7_container_post\" value=\"0\" \/><input type=\"hidden\" name=\"_wpcf7_posted_data_hash\" value=\"\" \/><input type=\"hidden\" name=\"_wpcf7_recaptcha_response\" value=\"\" \/>\n<\/fieldset>\n<div class=\"content\">\n\t<div class=\"vc_col-md-4 first_set_inputs\">\n\t\t<p><span>Ecrivez votre nom:<\/span><br \/>\n<span class=\"wpcf7-form-control-wrap\" data-name=\"nome\"><input size=\"40\" maxlength=\"400\" class=\"wpcf7-form-control wpcf7-text wpcf7-validates-as-required input__field input__field--shoko\" aria-required=\"true\" aria-invalid=\"false\" value=\"\" type=\"text\" name=\"nome\" \/><\/span><label for=\"input-4\" class=\"input__label input__label--shoko\"><br \/>\n<span>Ecrivez votre adresse email:<\/span><br \/>\n<span class=\"wpcf7-form-control-wrap\" data-name=\"email\"><input size=\"40\" maxlength=\"400\" class=\"wpcf7-form-control wpcf7-email wpcf7-validates-as-required wpcf7-text wpcf7-validates-as-email input__field input__field--shoko\" aria-required=\"true\" aria-invalid=\"false\" value=\"\" type=\"email\" name=\"email\" \/><\/span><br \/>\n<span>Ecrivez votre num\u00e9ro:<\/span><br \/>\n<span class=\"wpcf7-form-control-wrap\" data-name=\"tel\"><input size=\"40\" maxlength=\"400\" class=\"wpcf7-form-control wpcf7-text input__field input__field--shoko\" aria-invalid=\"false\" value=\"\" type=\"text\" name=\"tel\" \/><\/span><br \/>\n<\/label>\n\t\t<\/p>\n\t<\/div>\n\t<div class=\"vc_col-md-8 second_set_inputs\">\n\t\t<p><span>Ecrivez votre message:<\/span><br \/>\n<span class=\"wpcf7-form-control-wrap\" data-name=\"messaggio\"><textarea cols=\"40\" rows=\"10\" maxlength=\"2000\" class=\"wpcf7-form-control wpcf7-textarea wpcf7-validates-as-required input__field input__field--shoko\" aria-required=\"true\" aria-invalid=\"false\" name=\"messaggio\"><\/textarea><\/span>\n\t\t<\/p>\n\t<\/div>\n\t<div class=\"vc_col-md-3 contact_button text-center\">\n\n <!-- <button class=\"submit-contact-button button form-control\" name=\"contact_me\">SEND<span class=\"cf-progress\">progress<\/span><\/button> -->\n\t\t<p><button name=\"contact_me\" class=\"vc_general vc_btn3 vc_btn3-size-lg vc_btn3-shape-square vc_btn3-style-outline-custom\" style=\"border-color: rgb(255, 255, 255); color: rgb(255, 255, 255); background-color: transparent;\" onmouseenter=\"this.style.borderColor='#ffffff'; this.style.backgroundColor='#ffffff'; this.style.color='#ffffff';\" onmouseleave=\"this.style.borderColor='#ffffff'; this.style.backgroundColor='transparent'; this.style.color='#ffffff'\">Envoyer<i class=\"vc_btn3-icon vc_li vc_li-paperplane\"><\/i><\/button>\n\t\t<\/p>\n\t<\/div>\n<\/div><div class=\"wpcf7-response-output\" aria-hidden=\"true\"><\/div>\n<\/form>\n<\/div>\n[\/vc_column_inner][\/vc_row_inner][\/vc_column][\/vc_row]<\/p>\n","protected":false},"excerpt":{"rendered":"<p>[vc_row][vc_column][vc_custom_heading text=&#8221;Cloisons&#8221; font_container=&#8221;tag:h1|text_align:left&#8221; use_theme_fonts=&#8221;yes&#8221;][vc_row_inner][vc_column_inner width=&#8221;1\/2&#8243;][vc_single_image image=&#8221;6741&#8243; img_size=&#8221;full&#8221;][\/vc_column_inner][vc_column_inner width=&#8221;1\/2&#8243;][vc_column_text]Nos cloisons s&#8217;int\u00e8grent parfaitement avec d&#8217;autres syst\u00e8mes d&#8217;ameublement. La possibilit\u00e9 de configurer des environnements avec \u00e9l\u00e9gance et technologie permet de cr\u00e9er des locaux de haut niveau. Un projet bas\u00e9 sur le bien-\u00eatre environnemental qui assure la personnalisation, le confort acoustique, la viabilit\u00e9 dans la relation espace\/homme.[\/vc_column_text][\/vc_column_inner][\/vc_row_inner][\/vc_column][\/vc_row][vc_row full_width=&#8221;stretch_row&#8221; css=&#8221;.vc_custom_1488446451420{margin-top: [&hellip;]<\/p>\n","protected":false},"author":1,"featured_media":0,"parent":7384,"menu_order":0,"comment_status":"closed","ping_status":"closed","template":"","meta":{"footnotes":""},"class_list":["post-7423","page","type-page","status-publish","hentry"],"yoast_head":"<!-- This site is optimized with the Yoast SEO plugin v27.1.1 - https:\/\/yoast.com\/product\/yoast-seo-wordpress\/ -->\n<title>Cloisons - Alupoint<\/title>\n<meta name=\"robots\" content=\"index, follow, max-snippet:-1, max-image-preview:large, max-video-preview:-1\" \/>\n<link rel=\"canonical\" href=\"https:\/\/www.alupoint.it\/fr\/menuiseries\/cloisons\/\" \/>\n<meta property=\"og:locale\" content=\"fr_FR\" \/>\n<meta property=\"og:type\" content=\"article\" \/>\n<meta property=\"og:title\" content=\"Cloisons - Alupoint\" \/>\n<meta property=\"og:description\" content=\"[vc_row][vc_column][vc_custom_heading text=&#8221;Cloisons&#8221; font_container=&#8221;tag:h1|text_align:left&#8221; use_theme_fonts=&#8221;yes&#8221;][vc_row_inner][vc_column_inner width=&#8221;1\/2&#8243;][vc_single_image image=&#8221;6741&#8243; img_size=&#8221;full&#8221;][\/vc_column_inner][vc_column_inner width=&#8221;1\/2&#8243;][vc_column_text]Nos cloisons s&#8217;int\u00e8grent parfaitement avec d&#8217;autres syst\u00e8mes d&#8217;ameublement. La possibilit\u00e9 de configurer des environnements avec \u00e9l\u00e9gance et technologie permet de cr\u00e9er des locaux de haut niveau. Un projet bas\u00e9 sur le bien-\u00eatre environnemental qui assure la personnalisation, le confort acoustique, la viabilit\u00e9 dans la relation espace\/homme.[\/vc_column_text][\/vc_column_inner][\/vc_row_inner][\/vc_column][\/vc_row][vc_row full_width=&#8221;stretch_row&#8221; css=&#8221;.vc_custom_1488446451420{margin-top: [&hellip;]\" \/>\n<meta property=\"og:url\" content=\"https:\/\/www.alupoint.it\/fr\/menuiseries\/cloisons\/\" \/>\n<meta property=\"og:site_name\" content=\"Alupoint\" \/>\n<meta property=\"article:modified_time\" content=\"2017-04-28T08:31:58+00:00\" \/>\n<meta name=\"twitter:card\" content=\"summary_large_image\" \/>\n<meta name=\"twitter:label1\" content=\"Est. reading time\" \/>\n\t<meta name=\"twitter:data1\" content=\"1 minute\" \/>\n<script type=\"application\/ld+json\" class=\"yoast-schema-graph\">{\"@context\":\"https:\/\/schema.org\",\"@graph\":[{\"@type\":\"WebPage\",\"@id\":\"https:\/\/www.alupoint.it\/fr\/menuiseries\/cloisons\/\",\"url\":\"https:\/\/www.alupoint.it\/fr\/menuiseries\/cloisons\/\",\"name\":\"Cloisons - Alupoint\",\"isPartOf\":{\"@id\":\"https:\/\/www.alupoint.it\/#website\"},\"datePublished\":\"2017-03-02T14:03:35+00:00\",\"dateModified\":\"2017-04-28T08:31:58+00:00\",\"breadcrumb\":{\"@id\":\"https:\/\/www.alupoint.it\/fr\/menuiseries\/cloisons\/#breadcrumb\"},\"inLanguage\":\"fr-FR\",\"potentialAction\":[{\"@type\":\"ReadAction\",\"target\":[\"https:\/\/www.alupoint.it\/fr\/menuiseries\/cloisons\/\"]}]},{\"@type\":\"BreadcrumbList\",\"@id\":\"https:\/\/www.alupoint.it\/fr\/menuiseries\/cloisons\/#breadcrumb\",\"itemListElement\":[{\"@type\":\"ListItem\",\"position\":1,\"name\":\"Home\",\"item\":\"https:\/\/www.alupoint.it\/fr\/\"},{\"@type\":\"ListItem\",\"position\":2,\"name\":\"Menuiseries\",\"item\":\"https:\/\/www.alupoint.it\/fr\/menuiseries\/\"},{\"@type\":\"ListItem\",\"position\":3,\"name\":\"Cloisons\"}]},{\"@type\":\"WebSite\",\"@id\":\"https:\/\/www.alupoint.it\/#website\",\"url\":\"https:\/\/www.alupoint.it\/\",\"name\":\"Alupoint\",\"description\":\"Serramenti e Infissi in Alluminio\",\"publisher\":{\"@id\":\"https:\/\/www.alupoint.it\/#organization\"},\"potentialAction\":[{\"@type\":\"SearchAction\",\"target\":{\"@type\":\"EntryPoint\",\"urlTemplate\":\"https:\/\/www.alupoint.it\/?s={search_term_string}\"},\"query-input\":{\"@type\":\"PropertyValueSpecification\",\"valueRequired\":true,\"valueName\":\"search_term_string\"}}],\"inLanguage\":\"fr-FR\"},{\"@type\":\"Organization\",\"@id\":\"https:\/\/www.alupoint.it\/#organization\",\"name\":\"Alupoint di Pazzini Massimo e C. S.A.S\",\"url\":\"https:\/\/www.alupoint.it\/\",\"logo\":{\"@type\":\"ImageObject\",\"inLanguage\":\"fr-FR\",\"@id\":\"https:\/\/www.alupoint.it\/#\/schema\/logo\/image\/\",\"url\":\"https:\/\/www.alupoint.it\/wp-content\/uploads\/2017\/03\/logo-header-alupoint.jpg\",\"contentUrl\":\"https:\/\/www.alupoint.it\/wp-content\/uploads\/2017\/03\/logo-header-alupoint.jpg\",\"width\":300,\"height\":117,\"caption\":\"Alupoint di Pazzini Massimo e C. S.A.S\"},\"image\":{\"@id\":\"https:\/\/www.alupoint.it\/#\/schema\/logo\/image\/\"}}]}<\/script>\n<!-- \/ Yoast SEO plugin. -->","yoast_head_json":{"title":"Cloisons - Alupoint","robots":{"index":"index","follow":"follow","max-snippet":"max-snippet:-1","max-image-preview":"max-image-preview:large","max-video-preview":"max-video-preview:-1"},"canonical":"https:\/\/www.alupoint.it\/fr\/menuiseries\/cloisons\/","og_locale":"fr_FR","og_type":"article","og_title":"Cloisons - Alupoint","og_description":"[vc_row][vc_column][vc_custom_heading text=&#8221;Cloisons&#8221; font_container=&#8221;tag:h1|text_align:left&#8221; use_theme_fonts=&#8221;yes&#8221;][vc_row_inner][vc_column_inner width=&#8221;1\/2&#8243;][vc_single_image image=&#8221;6741&#8243; img_size=&#8221;full&#8221;][\/vc_column_inner][vc_column_inner width=&#8221;1\/2&#8243;][vc_column_text]Nos cloisons s&#8217;int\u00e8grent parfaitement avec d&#8217;autres syst\u00e8mes d&#8217;ameublement. La possibilit\u00e9 de configurer des environnements avec \u00e9l\u00e9gance et technologie permet de cr\u00e9er des locaux de haut niveau. Un projet bas\u00e9 sur le bien-\u00eatre environnemental qui assure la personnalisation, le confort acoustique, la viabilit\u00e9 dans la relation espace\/homme.[\/vc_column_text][\/vc_column_inner][\/vc_row_inner][\/vc_column][\/vc_row][vc_row full_width=&#8221;stretch_row&#8221; css=&#8221;.vc_custom_1488446451420{margin-top: [&hellip;]","og_url":"https:\/\/www.alupoint.it\/fr\/menuiseries\/cloisons\/","og_site_name":"Alupoint","article_modified_time":"2017-04-28T08:31:58+00:00","twitter_card":"summary_large_image","twitter_misc":{"Est. reading time":"1 minute"},"schema":{"@context":"https:\/\/schema.org","@graph":[{"@type":"WebPage","@id":"https:\/\/www.alupoint.it\/fr\/menuiseries\/cloisons\/","url":"https:\/\/www.alupoint.it\/fr\/menuiseries\/cloisons\/","name":"Cloisons - Alupoint","isPartOf":{"@id":"https:\/\/www.alupoint.it\/#website"},"datePublished":"2017-03-02T14:03:35+00:00","dateModified":"2017-04-28T08:31:58+00:00","breadcrumb":{"@id":"https:\/\/www.alupoint.it\/fr\/menuiseries\/cloisons\/#breadcrumb"},"inLanguage":"fr-FR","potentialAction":[{"@type":"ReadAction","target":["https:\/\/www.alupoint.it\/fr\/menuiseries\/cloisons\/"]}]},{"@type":"BreadcrumbList","@id":"https:\/\/www.alupoint.it\/fr\/menuiseries\/cloisons\/#breadcrumb","itemListElement":[{"@type":"ListItem","position":1,"name":"Home","item":"https:\/\/www.alupoint.it\/fr\/"},{"@type":"ListItem","position":2,"name":"Menuiseries","item":"https:\/\/www.alupoint.it\/fr\/menuiseries\/"},{"@type":"ListItem","position":3,"name":"Cloisons"}]},{"@type":"WebSite","@id":"https:\/\/www.alupoint.it\/#website","url":"https:\/\/www.alupoint.it\/","name":"Alupoint","description":"Serramenti e Infissi in Alluminio","publisher":{"@id":"https:\/\/www.alupoint.it\/#organization"},"potentialAction":[{"@type":"SearchAction","target":{"@type":"EntryPoint","urlTemplate":"https:\/\/www.alupoint.it\/?s={search_term_string}"},"query-input":{"@type":"PropertyValueSpecification","valueRequired":true,"valueName":"search_term_string"}}],"inLanguage":"fr-FR"},{"@type":"Organization","@id":"https:\/\/www.alupoint.it\/#organization","name":"Alupoint di Pazzini Massimo e C. S.A.S","url":"https:\/\/www.alupoint.it\/","logo":{"@type":"ImageObject","inLanguage":"fr-FR","@id":"https:\/\/www.alupoint.it\/#\/schema\/logo\/image\/","url":"https:\/\/www.alupoint.it\/wp-content\/uploads\/2017\/03\/logo-header-alupoint.jpg","contentUrl":"https:\/\/www.alupoint.it\/wp-content\/uploads\/2017\/03\/logo-header-alupoint.jpg","width":300,"height":117,"caption":"Alupoint di Pazzini Massimo e C. S.A.S"},"image":{"@id":"https:\/\/www.alupoint.it\/#\/schema\/logo\/image\/"}}]}},"_links":{"self":[{"href":"https:\/\/www.alupoint.it\/fr\/wp-json\/wp\/v2\/pages\/7423","targetHints":{"allow":["GET"]}}],"collection":[{"href":"https:\/\/www.alupoint.it\/fr\/wp-json\/wp\/v2\/pages"}],"about":[{"href":"https:\/\/www.alupoint.it\/fr\/wp-json\/wp\/v2\/types\/page"}],"author":[{"embeddable":true,"href":"https:\/\/www.alupoint.it\/fr\/wp-json\/wp\/v2\/users\/1"}],"replies":[{"embeddable":true,"href":"https:\/\/www.alupoint.it\/fr\/wp-json\/wp\/v2\/comments?post=7423"}],"version-history":[{"count":3,"href":"https:\/\/www.alupoint.it\/fr\/wp-json\/wp\/v2\/pages\/7423\/revisions"}],"predecessor-version":[{"id":7732,"href":"https:\/\/www.alupoint.it\/fr\/wp-json\/wp\/v2\/pages\/7423\/revisions\/7732"}],"up":[{"embeddable":true,"href":"https:\/\/www.alupoint.it\/fr\/wp-json\/wp\/v2\/pages\/7384"}],"wp:attachment":[{"href":"https:\/\/www.alupoint.it\/fr\/wp-json\/wp\/v2\/media?parent=7423"}],"curies":[{"name":"wp","href":"https:\/\/api.w.org\/{rel}","templated":true}]}}